{"id":66,"date":"2019-11-05T12:33:24","date_gmt":"2019-11-05T11:33:24","guid":{"rendered":"https:\/\/belenshana.com\/mi-cuenta\/"},"modified":"2024-06-08T04:00:10","modified_gmt":"2024-06-08T03:00:10","slug":"mi-cuenta","status":"publish","type":"page","link":"https:\/\/belenshana.com\/en\/my-account\/","title":{"rendered":"My account"},"content":{"rendered":"<div data-elementor-type=\"wp-page\" data-elementor-id=\"66\" class=\"elementor elementor-66\" data-elementor-post-type=\"page\">\n\t\t\t\t<div class=\"elementor-element elementor-element-3df22c5 e-con-full e-flex e-con e-parent\" data-id=\"3df22c5\" data-element_type=\"container\" data-e-type=\"container\" data-settings=\"{&quot;background_background&quot;:&quot;classic&quot;}\">\n\t\t\t\t<div class=\"elementor-element elementor-element-9e3435e elementor-widget elementor-widget-heading\" data-id=\"9e3435e\" data-element_type=\"widget\" data-e-type=\"widget\" data-widget_type=\"heading.default\">\n\t\t\t\t<div class=\"elementor-widget-container\">\n\t\t\t\t\t<h2 class=\"elementor-heading-title elementor-size-default\">My Account<\/h2>\t\t\t\t<\/div>\n\t\t\t\t<\/div>\n\t\t\t\t<div class=\"elementor-element elementor-element-e3c2dc2 elementor-widget elementor-widget-woocommerce-breadcrumb\" data-id=\"e3c2dc2\" data-element_type=\"widget\" data-e-type=\"widget\" data-widget_type=\"woocommerce-breadcrumb.default\">\n\t\t\t\t<div class=\"elementor-widget-container\">\n\t\t\t\t\t<nav class=\"woocommerce-breadcrumb\" aria-label=\"Breadcrumb\" data-no-translation=\"\" data-trp-gettext=\"\">Home<\/nav>\t\t\t\t<\/div>\n\t\t\t\t<\/div>\n\t\t\t\t<\/div>\n\t\t<div class=\"elementor-element elementor-element-e3f6c5a e-flex e-con-boxed e-con e-parent\" data-id=\"e3f6c5a\" data-element_type=\"container\" data-e-type=\"container\">\n\t\t\t\t\t<div class=\"e-con-inner\">\n\t\t\t\t<div class=\"elementor-element elementor-element-e7ebb3f e-my-account-tabs-vertical elementor-widget elementor-widget-woocommerce-my-account\" data-id=\"e7ebb3f\" data-element_type=\"widget\" data-e-type=\"widget\" data-widget_type=\"woocommerce-my-account.default\">\n\t\t\t\t<div class=\"elementor-widget-container\">\n\t\t\t\t\t<div class=\"e-my-account-tab e-my-account-tab__\">\t\t\t<div class=\"woocommerce\"><\/div>\t\t<\/div>\n\t\t\t\t\t\t<\/div>\n\t\t\t\t<\/div>\n\t\t\t\t\t<\/div>\n\t\t\t\t<\/div>\n\t\t\t\t<\/div>","protected":false},"excerpt":{"rendered":"<p>My Account Dashboard Orders Courses Downloads Addresses Account Details Logout Hi Vicky (not Vicky? Logout) From your account dashboard you can view your recent orders, manage your shipping and billing addresses and edit your password and account details.<\/p>","protected":false},"author":7,"featured_media":0,"parent":0,"menu_order":0,"comment_status":"closed","ping_status":"closed","template":"","meta":{"site-sidebar-layout":"default","site-content-layout":"","ast-site-content-layout":"default","site-content-style":"default","site-sidebar-style":"default","ast-global-header-display":"","ast-banner-title-visibility":"","ast-main-header-display":"","ast-hfb-above-header-display":"","ast-hfb-below-header-display":"","ast-hfb-mobile-header-display":"","site-post-title":"","ast-breadcrumbs-content":"","ast-featured-img":"","footer-sml-layout":"","ast-disable-related-posts":"","theme-transparent-header-meta":"","adv-header-id-meta":"","stick-header-meta":"","header-above-stick-meta":"","header-main-stick-meta":"","header-below-stick-meta":"","astra-migrate-meta-layouts":"set","ast-page-background-enabled":"default","ast-page-background-meta":{"desktop":{"background-color":"var(--ast-global-color-4)","background-image":"","background-repeat":"repeat","background-position":"center center","background-size":"auto","background-attachment":"scroll","background-type":"","background-media":"","overlay-type":"","overlay-color":"","overlay-opacity":"","overlay-gradient":""},"tablet":{"background-color":"","background-image":"","background-repeat":"repeat","background-position":"center center","background-size":"auto","background-attachment":"scroll","background-type":"","background-media":"","overlay-type":"","overlay-color":"","overlay-opacity":"","overlay-gradient":""},"mobile":{"background-color":"","background-image":"","background-repeat":"repeat","background-position":"center center","background-size":"auto","background-attachment":"scroll","background-type":"","background-media":"","overlay-type":"","overlay-color":"","overlay-opacity":"","overlay-gradient":""}},"ast-content-background-meta":{"desktop":{"background-color":"var(--ast-global-color-5)","background-image":"","background-repeat":"repeat","background-position":"center center","background-size":"auto","background-attachment":"scroll","background-type":"","background-media":"","overlay-type":"","overlay-color":"","overlay-opacity":"","overlay-gradient":""},"tablet":{"background-color":"var(--ast-global-color-5)","background-image":"","background-repeat":"repeat","background-position":"center center","background-size":"auto","background-attachment":"scroll","background-type":"","background-media":"","overlay-type":"","overlay-color":"","overlay-opacity":"","overlay-gradient":""},"mobile":{"background-color":"var(--ast-global-color-5)","background-image":"","background-repeat":"repeat","background-position":"center center","background-size":"auto","background-attachment":"scroll","background-type":"","background-media":"","overlay-type":"","overlay-color":"","overlay-opacity":"","overlay-gradient":""}},"_joinchat":[],"footnotes":""},"class_list":["post-66","page","type-page","status-publish","hentry"],"yoast_head":"<!-- This site is optimized with the Yoast SEO plugin v27.4 - https:\/\/yoast.com\/product\/yoast-seo-wordpress\/ -->\n<title>Mi cuenta | Bel\u00e9n Shana Academy<\/title>\n<meta name=\"robots\" content=\"noindex, follow\" \/>\n<meta property=\"og:locale\" content=\"en_GB\" \/>\n<meta property=\"og:type\" content=\"article\" \/>\n<meta property=\"og:title\" content=\"Mi cuenta | Bel\u00e9n Shana Academy\" \/>\n<meta property=\"og:description\" content=\"Mi Cuenta Panel Pedidos Cursos Descargas Direcciones Detalles de la cuenta Cerrar sesi\u00f3n Hola Vicky (\u00bfno eres Vicky? Cerrar sesi\u00f3n) Desde el escritorio de tu cuenta puedes ver tus pedidos recientes, gestionar tus direcciones de env\u00edo y facturaci\u00f3n y editar tu contrase\u00f1a y los detalles de tu cuenta.\" \/>\n<meta property=\"og:url\" content=\"https:\/\/belenshana.com\/en\/my-account\/\" \/>\n<meta property=\"og:site_name\" content=\"Bel\u00e9n Shana Academy\" \/>\n<meta property=\"article:modified_time\" content=\"2024-06-08T03:00:10+00:00\" \/>\n<meta property=\"og:image\" content=\"https:\/\/belenshana.com\/wp-content\/uploads\/2024\/06\/Diseno-sin-titulo-1.png\" \/>\n\t<meta property=\"og:image:width\" content=\"500\" \/>\n\t<meta property=\"og:image:height\" content=\"500\" \/>\n\t<meta property=\"og:image:type\" content=\"image\/png\" \/>\n<meta name=\"twitter:card\" content=\"summary_large_image\" \/>\n<meta name=\"twitter:label1\" content=\"Estimated reading time\" \/>\n\t<meta name=\"twitter:data1\" content=\"1 minute\" \/>\n<script type=\"application\/ld+json\" class=\"yoast-schema-graph\">{\"@context\":\"https:\\\/\\\/schema.org\",\"@graph\":[{\"@type\":\"WebPage\",\"@id\":\"https:\\\/\\\/belenshana.com\\\/mi-cuenta\\\/\",\"url\":\"https:\\\/\\\/belenshana.com\\\/mi-cuenta\\\/\",\"name\":\"Mi cuenta | Bel\u00e9n Shana Academy\",\"isPartOf\":{\"@id\":\"https:\\\/\\\/belenshana.com\\\/#website\"},\"datePublished\":\"2019-11-05T11:33:24+00:00\",\"dateModified\":\"2024-06-08T03:00:10+00:00\",\"breadcrumb\":{\"@id\":\"https:\\\/\\\/belenshana.com\\\/mi-cuenta\\\/#breadcrumb\"},\"inLanguage\":\"en-GB\",\"potentialAction\":[{\"@type\":\"ReadAction\",\"target\":[\"https:\\\/\\\/belenshana.com\\\/mi-cuenta\\\/\"]}]},{\"@type\":\"BreadcrumbList\",\"@id\":\"https:\\\/\\\/belenshana.com\\\/mi-cuenta\\\/#breadcrumb\",\"itemListElement\":[{\"@type\":\"ListItem\",\"position\":1,\"name\":\"Portada\",\"item\":\"https:\\\/\\\/belenshana.com\\\/\"},{\"@type\":\"ListItem\",\"position\":2,\"name\":\"Mi cuenta\"}]},{\"@type\":\"WebSite\",\"@id\":\"https:\\\/\\\/belenshana.com\\\/#website\",\"url\":\"https:\\\/\\\/belenshana.com\\\/\",\"name\":\"Bel\u00e9n Shana Academy\",\"description\":\"Academia online Danza y espiritualidad\",\"publisher\":{\"@id\":\"https:\\\/\\\/belenshana.com\\\/#\\\/schema\\\/person\\\/a3b79653d3b78e1384b9016606bcae09\"},\"alternateName\":\"BS\",\"potentialAction\":[{\"@type\":\"SearchAction\",\"target\":{\"@type\":\"EntryPoint\",\"urlTemplate\":\"https:\\\/\\\/belenshana.com\\\/?s={search_term_string}\"},\"query-input\":{\"@type\":\"PropertyValueSpecification\",\"valueRequired\":true,\"valueName\":\"search_term_string\"}}],\"inLanguage\":\"en-GB\"},{\"@type\":[\"Person\",\"Organization\"],\"@id\":\"https:\\\/\\\/belenshana.com\\\/#\\\/schema\\\/person\\\/a3b79653d3b78e1384b9016606bcae09\",\"name\":\"Admin\",\"image\":{\"@type\":\"ImageObject\",\"inLanguage\":\"en-GB\",\"@id\":\"https:\\\/\\\/belenshana.com\\\/wp-content\\\/uploads\\\/2024\\\/06\\\/Diseno-sin-titulo-1.png\",\"url\":\"https:\\\/\\\/belenshana.com\\\/wp-content\\\/uploads\\\/2024\\\/06\\\/Diseno-sin-titulo-1.png\",\"contentUrl\":\"https:\\\/\\\/belenshana.com\\\/wp-content\\\/uploads\\\/2024\\\/06\\\/Diseno-sin-titulo-1.png\",\"width\":500,\"height\":500,\"caption\":\"Admin\"},\"logo\":{\"@id\":\"https:\\\/\\\/belenshana.com\\\/wp-content\\\/uploads\\\/2024\\\/06\\\/Diseno-sin-titulo-1.png\"}}]}<\/script>\n<!-- \/ Yoast SEO plugin. -->","yoast_head_json":{"title":"My account | Bel\u00e9n Shana Academy","robots":{"index":"noindex","follow":"follow"},"og_locale":"en_GB","og_type":"article","og_title":"Mi cuenta | Bel\u00e9n Shana Academy","og_description":"Mi Cuenta Panel Pedidos Cursos Descargas Direcciones Detalles de la cuenta Cerrar sesi\u00f3n Hola Vicky (\u00bfno eres Vicky? Cerrar sesi\u00f3n) Desde el escritorio de tu cuenta puedes ver tus pedidos recientes, gestionar tus direcciones de env\u00edo y facturaci\u00f3n y editar tu contrase\u00f1a y los detalles de tu cuenta.","og_url":"https:\/\/belenshana.com\/en\/my-account\/","og_site_name":"Bel\u00e9n Shana Academy","article_modified_time":"2024-06-08T03:00:10+00:00","og_image":[{"width":500,"height":500,"url":"https:\/\/belenshana.com\/wp-content\/uploads\/2024\/06\/Diseno-sin-titulo-1.png","type":"image\/png"}],"twitter_card":"summary_large_image","twitter_misc":{"Estimated reading time":"1 minute"},"schema":{"@context":"https:\/\/schema.org","@graph":[{"@type":"WebPage","@id":"https:\/\/belenshana.com\/mi-cuenta\/","url":"https:\/\/belenshana.com\/mi-cuenta\/","name":"My account | Bel\u00e9n Shana Academy","isPartOf":{"@id":"https:\/\/belenshana.com\/#website"},"datePublished":"2019-11-05T11:33:24+00:00","dateModified":"2024-06-08T03:00:10+00:00","breadcrumb":{"@id":"https:\/\/belenshana.com\/mi-cuenta\/#breadcrumb"},"inLanguage":"en-GB","potentialAction":[{"@type":"ReadAction","target":["https:\/\/belenshana.com\/mi-cuenta\/"]}]},{"@type":"BreadcrumbList","@id":"https:\/\/belenshana.com\/mi-cuenta\/#breadcrumb","itemListElement":[{"@type":"ListItem","position":1,"name":"Portada","item":"https:\/\/belenshana.com\/"},{"@type":"ListItem","position":2,"name":"Mi cuenta"}]},{"@type":"WebSite","@id":"https:\/\/belenshana.com\/#website","url":"https:\/\/belenshana.com\/","name":"Bethlehem Shana Academy","description":"Online Academy Dance and Spirituality","publisher":{"@id":"https:\/\/belenshana.com\/#\/schema\/person\/a3b79653d3b78e1384b9016606bcae09"},"alternateName":"BS","potentialAction":[{"@type":"SearchAction","target":{"@type":"EntryPoint","urlTemplate":"https:\/\/belenshana.com\/?s={search_term_string}"},"query-input":{"@type":"PropertyValueSpecification","valueRequired":true,"valueName":"search_term_string"}}],"inLanguage":"en-GB"},{"@type":["Person","Organization"],"@id":"https:\/\/belenshana.com\/#\/schema\/person\/a3b79653d3b78e1384b9016606bcae09","name":"Admin","image":{"@type":"ImageObject","inLanguage":"en-GB","@id":"https:\/\/belenshana.com\/wp-content\/uploads\/2024\/06\/Diseno-sin-titulo-1.png","url":"https:\/\/belenshana.com\/wp-content\/uploads\/2024\/06\/Diseno-sin-titulo-1.png","contentUrl":"https:\/\/belenshana.com\/wp-content\/uploads\/2024\/06\/Diseno-sin-titulo-1.png","width":500,"height":500,"caption":"Admin"},"logo":{"@id":"https:\/\/belenshana.com\/wp-content\/uploads\/2024\/06\/Diseno-sin-titulo-1.png"}}]}},"_links":{"self":[{"href":"https:\/\/belenshana.com\/en\/wp-json\/wp\/v2\/pages\/66","targetHints":{"allow":["GET"]}}],"collection":[{"href":"https:\/\/belenshana.com\/en\/wp-json\/wp\/v2\/pages"}],"about":[{"href":"https:\/\/belenshana.com\/en\/wp-json\/wp\/v2\/types\/page"}],"author":[{"embeddable":true,"href":"https:\/\/belenshana.com\/en\/wp-json\/wp\/v2\/users\/7"}],"replies":[{"embeddable":true,"href":"https:\/\/belenshana.com\/en\/wp-json\/wp\/v2\/comments?post=66"}],"version-history":[{"count":0,"href":"https:\/\/belenshana.com\/en\/wp-json\/wp\/v2\/pages\/66\/revisions"}],"wp:attachment":[{"href":"https:\/\/belenshana.com\/en\/wp-json\/wp\/v2\/media?parent=66"}],"curies":[{"name":"wp","href":"https:\/\/api.w.org\/{rel}","templated":true}]}}