{"id":246062,"date":"2024-06-30T18:55:40","date_gmt":"2024-06-30T17:55:40","guid":{"rendered":"https:\/\/belenshana.com\/?page_id=246062"},"modified":"2024-06-30T19:00:34","modified_gmt":"2024-06-30T18:00:34","slug":"politica-de-cookies","status":"publish","type":"page","link":"https:\/\/belenshana.com\/en\/cookie-policy\/","title":{"rendered":"Cookies policy"},"content":{"rendered":"\t\t<div data-elementor-type=\"wp-page\" data-elementor-id=\"246062\" class=\"elementor elementor-246062\" data-elementor-post-type=\"page\">\n\t\t\t\t<div class=\"elementor-element elementor-element-7ccd9ad e-flex e-con-boxed e-con e-parent\" data-id=\"7ccd9ad\" data-element_type=\"container\" data-e-type=\"container\">\n\t\t\t\t\t<div class=\"e-con-inner\">\n\t\t\t\t<div class=\"elementor-element elementor-element-2391ca6 elementor-widget elementor-widget-text-editor\" data-id=\"2391ca6\" data-element_type=\"widget\" data-e-type=\"widget\" data-widget_type=\"text-editor.default\">\n\t\t\t\t<div class=\"elementor-widget-container\">\n\t\t\t\t\t\t\t\t\t<h1><strong>POL\u00cdTICA DE COOKIES<\/strong><\/h1><p>\u00a0<\/p><p>En esta web recopilamos y utilizamos la informaci\u00f3n seg\u00fan indicamos en nuestra pol\u00edtica de privacidad. Una de las formas en las que recopilamos informaci\u00f3n es a trav\u00e9s del uso de la tecnolog\u00eda llamada \u201ccookies\u201d. Enbhttps:\/\/belenshana.com\/, utilizamos cookies para varias cosas.<\/p><p>\u00a0<\/p><p>\u00a0<\/p><p>\u00a0<\/p><p><strong>\u00bfQu\u00e9 es una cookie?<\/strong><\/p><p>\u00a0<\/p><p>Una \u201ccookie\u201d es una peque\u00f1a cantidad de texto que se almacena en tu navegador <em>(p.ej. Chrome de Google o Safari de Apple)<\/em> cuando navegas por la mayor\u00eda de los sitios web.<\/p><p>\u00a0<\/p><p>\u00a0<\/p><p>\u00a0<\/p><p><strong>Aceptaci\u00f3n de cookies<\/strong><\/p><p>\u00a0<\/p><p>Al acceder a este sitio web o aplicaci\u00f3n por primera vez, aparecer\u00e1 una advertencia donde se le informa de la utilizaci\u00f3n de las cookies y donde se puede consultar esta pol\u00edtica de cookies.\u00a0<span style=\"font-style: inherit; font-weight: inherit; text-align: var(--text-align); background-color: var(--ast-global-color-7); color: var(--ast-global-color-5);\">No se descargar\u00e1 ninguna cookie hasta que el usuario no consienta expresamente la instalaci\u00f3n de las cookies. Si el usuario consiente la utilizaci\u00f3n de cookies, se realizar\u00e1 la instalaci\u00f3n de las mismas en su equipo o dispositivo.\u00a0<\/span><span style=\"font-style: inherit; font-weight: inherit; text-align: var(--text-align); background-color: var(--ast-global-color-7); color: var(--ast-global-color-5);\">Adem\u00e1s del uso de nuestras cookies propias, permitimos a terceros establecer cookies y acceder a ellas en su dispositivo.<\/span><\/p><p><span style=\"font-style: inherit; font-weight: inherit; text-align: var(--text-align); background-color: var(--ast-global-color-7); color: var(--ast-global-color-5);\">\u00a0<\/span><\/p><p><span style=\"font-style: inherit; font-weight: inherit; text-align: var(--text-align); background-color: var(--ast-global-color-7); color: var(--ast-global-color-5);\">\u00a0<\/span><\/p><p>\u00a0<\/p><p><strong>\u00bfQu\u00e9 informaci\u00f3n almacena una cookie?<\/strong><\/p><p>\u00a0<\/p><p>Las cookies no suelen almacenar informaci\u00f3n sensible sobre usted, como tarjetas de cr\u00e9dito o datos bancarios, fotograf\u00edas o informaci\u00f3n personal, etc. Los datos que guardan son de car\u00e1cter t\u00e9cnico, estad\u00edsticos, preferencias personales, personalizaci\u00f3n de contenidos, etc.<\/p><p>\u00a0<\/p><p>\u00a0<\/p><p>\u00a0<\/p><p><strong>\u00bfQu\u00e9 tipo de cookies existen?<\/strong><\/p><p>\u00a0<\/p><ul><li><strong>Cookies t\u00e9cnicas:<\/strong> Son las m\u00e1s elementales y permiten, entre otras cosas, saber cu\u00e1ndo est\u00e1 navegando un humano o una aplicaci\u00f3n automatizada, cu\u00e1ndo navega un usuario an\u00f3nimo y uno registrado, tareas b\u00e1sicas para el funcionamiento de cualquier web din\u00e1mica.<\/li><li><strong>Cookies de an\u00e1lisis:<\/strong> Recogen informaci\u00f3n sobre el tipo de navegaci\u00f3n que est\u00e1 realizando, las secciones que m\u00e1s utiliza, productos consultados, franja horaria de uso, idioma, etc.<\/li><li><strong>Cookies publicitarias:<\/strong> Muestran publicidad en funci\u00f3n de su navegaci\u00f3n, su pa\u00eds de procedencia, idioma, etc.<\/li><\/ul><h2><strong>\u00a0<\/strong><\/h2><p><strong>Cookies aceptadas por la normativa y cookies exceptuadas<\/strong><\/p><p>\u00a0<\/p><p>Seg\u00fan la directiva de la UE, las cookies que requieren el consentimiento informado por parte del usuario son las cookies de anal\u00edtica, y las de publicidad y afiliaci\u00f3n, quedando exceptuadas las de car\u00e1cter t\u00e9cnico y las necesarias para el funcionamiento del sitio web o la prestaci\u00f3n de servicios expresamente solicitados por el usuario.<\/p><p>\u00a0<\/p><p>\u00a0<\/p><p>\u00a0<\/p><p><strong>\u00bfQu\u00e9 cookies utiliza esta web?<\/strong><\/p><p>\u00a0<\/p><p>Esta web utiliza cookies propias y de terceros. En este sitio web se utilizan las cookies que se detallan a continuaci\u00f3n:<\/p><p>\u00a0<\/p><p>\u00a0<\/p><p>\u00a0<\/p><p><strong>COOKIES PROPIAS<\/strong><\/p><p><strong>\u00a0<\/strong><strong style=\"font-style: inherit; text-align: var(--text-align); background-color: var(--ast-global-color-7); color: var(--ast-global-color-5);\">Inicio de sesi\u00f3n:<\/strong><span style=\"font-style: inherit; font-weight: inherit; text-align: var(--text-align); background-color: var(--ast-global-color-7); color: var(--ast-global-color-5);\"> Las cookies para iniciar sesi\u00f3n te permiten entrar y salir de tu cuenta de https:\/\/belenshana.com\/.<\/span><\/p><p>\u00a0<\/p><p><strong>Personalizaci\u00f3n:<\/strong> Las cookies nos ayudan a recordar con qu\u00e9 personas o sitios web has interactuado, para que podamos mostrarte contenido relacionado.<\/p><p>\u00a0<\/p><p><strong>Preferencias:<\/strong> Las cookies nos permiten recordar tus ajustes y preferencias, como el idioma preferido y tu configuraci\u00f3n de privacidad.<\/p><p>\u00a0<\/p><p><strong>Seguridad: <\/strong>Utilizamos cookies para evitarte riesgos de seguridad. Principalmente para detectar cu\u00e1ndo alguien est\u00e1 intentando piratear tu cuenta de https:\/\/belenshana.com\/.<\/p><p>\u00a0<\/p><p>\u00a0<\/p><p>\u00a0<\/p><p><strong>COOKIES DE TERCEROS<\/strong><\/p><p><strong>\u00a0<\/strong><strong style=\"font-style: inherit; text-align: var(--text-align); background-color: var(--ast-global-color-7); color: var(--ast-global-color-5);\"><em>M\u00f3dulo Google Analytics<\/em><\/strong><\/p><p><strong><em>Cookies anal\u00edticas<\/em><\/strong><\/p><p>\u00a0<\/p><p>Esta web utiliza servicios de an\u00e1lisis, concretamente, <em>Google Analytics<\/em> para ayudar al website a analizar el uso que hacen los usuarios del sitio web y mejorar la usabilidad del mismo, pero en ning\u00fan caso se asocian a datos que pudieran llegar a identificar al usuario. Google Analytics es un servicio anal\u00edtico de web prestado por Google Inc. El usuario puede consultar <a href=\"https:\/\/www.google.es\/intl\/es\/policies\/technologies\/types\/\"><em>aqu\u00ed<\/em><\/a> el tipo de cookies utilizadas por Google.<\/p><p>\u00a0<\/p><p>\u00a0<\/p><p>\u00a0<\/p><p><strong><em>M\u00f3dulo redes sociales\u00a0<\/em><\/strong><\/p><p><strong style=\"font-style: inherit; text-align: var(--text-align); background-color: var(--ast-global-color-7); color: var(--ast-global-color-5);\"><em>Cookies de redes sociales<\/em><\/strong><\/p><p>\u00a0<\/p><p>Las cookies de redes sociales pueden almacenarse en su navegador mientras navega por https:\/\/belenshana.com\/, por ejemplo, cuando utiliza el bot\u00f3n de compartir contenidos de https:\/\/belenshana.com\/en alguna red social.\u00a0<span style=\"font-style: inherit; font-weight: inherit; text-align: var(--text-align); background-color: var(--ast-global-color-7); color: var(--ast-global-color-5);\">A continuaci\u00f3n, tienes informaci\u00f3n sobre las cookies de las redes sociales que utiliza esta web en sus propias pol\u00edticas de cookies:<\/span><\/p><p>\u00a0<\/p><ul><li>Cookies de Facebook, ver m\u00e1s informaci\u00f3n en su <a href=\"https:\/\/www.facebook.com\/policies\/cookies\/\"><em>pol\u00edtica de cookies<\/em><\/a><em><u>.<\/u><\/em><\/li><li>Cookies de Instagram, ver m\u00e1s informaci\u00f3n en su <a href=\"https:\/\/www.facebook.com\/policies\/cookies\/\"><em>pol\u00edtica de cookies<\/em><\/a>.<\/li><li>Cookies de Youtube, ver m\u00e1s informaci\u00f3n en su <a href=\"http:\/\/www.google.com\/intl\/es\/policies\/technologies\/types\/\"><em>pol\u00edtica de cookies<\/em><\/a><em><u>.<\/u><\/em><\/li><li>Cookies de Vimeo, ver m\u00e1s informaci\u00f3n en su <a href=\"https:\/\/vimeo.com\/cookie_policy\"><em>pol\u00edtica de cookies<\/em><\/a><em><u>.<\/u><\/em><\/li><\/ul><div><i><u>\u00a0<\/u><\/i><\/div><p><strong>\u00bfC\u00f3mo puedes controlar las cookies?<\/strong><\/p><p>\u00a0<\/p><p>Puedes controlar las cookies que utilizan [Nombre del sitio web] y [Nombre de la empresa] de las siguientes maneras:<\/p><p>\u00a0<\/p><p><strong>\u00a0<\/strong><\/p><ol><li><strong> Cambiar la configuraci\u00f3n de tu navegador:<\/strong><\/li><\/ol><p>La mayor\u00eda de los navegadores te permiten controlar qu\u00e9 cookies se almacenan en tu dispositivo. Puedes configurar tu navegador para bloquear todas las cookies, bloquear solo las cookies de terceros o permitir solo las cookies de los sitios web que visitas con frecuencia. Consulta la documentaci\u00f3n de tu navegador para obtener m\u00e1s informaci\u00f3n sobre c\u00f3mo administrar las cookies.<\/p><p>\u00a0<\/p><p>\u00a0<\/p><p>A continuaci\u00f3n, se muestran algunos enlaces a la documentaci\u00f3n de cookies de los navegadores m\u00e1s populares:<\/p><p>\u00a0<\/p><ul><li>Google Chrome: https:\/\/support.google.com\/accounts\/answer\/61416?hl=en&amp;co=GENIE.Platform%3DDesktop<\/li><li>Mozilla Firefox: https:\/\/support.mozilla.org\/en-US\/kb\/websites-say-cookies-are-blocked-unblock-them<\/li><li>Safari: https:\/\/support.apple.com\/es-us\/105082<\/li><li>Microsoft Edge: <a href=\"https:\/\/support.microsoft.com\/es-es\/windows\/administrar-cookies-en-microsoft-edge-ver-permitir-bloquear-eliminar-y-usar-168dab11-0753-043d-7c16-ede5947fc64d\">https:\/\/support.microsoft.com\/es-es\/windows\/administrar-cookies-en-microsoft-edge-ver-permitir-bloquear-eliminar-y-usar-168dab11-0753-043d-7c16-ede5947fc64d<\/a><\/li><\/ul><p><u>\u00a0<\/u><\/p><p><u>\u00a0<\/u><\/p><p>\u00a0<\/p><ol start=\"2\"><li><strong> Utilizar una herramienta de exclusi\u00f3n voluntaria:<\/strong><\/li><\/ol><p>Algunas empresas de publicidad ofrecen herramientas de exclusi\u00f3n voluntaria que te permiten optar por no recibir anuncios personalizados. Puedes encontrar una lista de herramientas de exclusi\u00f3n voluntaria en el sitio web de la Iniciativa de Publicidad Digital: <a href=\"https:\/\/optout.aboutads.info\/\">https:\/\/optout.aboutads.info\/<\/a><\/p><p>\u00a0<\/p><p>\u00a0<\/p><p>\u00a0<\/p><ol start=\"3\"><li><strong> Utilizar una extensi\u00f3n de navegador para bloquear cookies:<\/strong><\/li><\/ol><p>Hay muchas extensiones de navegador disponibles que te permiten bloquear cookies. Algunas extensiones populares de bloqueo de cookies incluyen AdBlock Plus y Ghostery.<\/p><p>\u00a0<\/p><p>\u00a0<\/p><p>\u00a0<\/p><p><strong>Ten en cuenta que:<\/strong><\/p><p>\u00a0<\/p><p>Bloquear todas las cookies puede impedir que algunos sitios web funcionen correctamente.\u00a0<span style=\"font-style: inherit; font-weight: inherit; text-align: var(--text-align); background-color: var(--ast-global-color-7); color: var(--ast-global-color-5);\">Adem\u00e1s de las opciones anteriores, https:\/\/belenshana.com\/ tambi\u00e9n te ofrecen las siguientes opciones para controlar tus cookies:<\/span><\/p><p><span style=\"font-style: inherit; font-weight: inherit; text-align: var(--text-align); background-color: var(--ast-global-color-7); color: var(--ast-global-color-5);\">\u00a0<\/span><\/p><p>\u00a0<\/p><p>https:\/\/belenshana.com\/ no utiliza cookies de terceros para la segmentaci\u00f3n personalizada de anuncios.<\/p><p>\u00a0<\/p><p>https:\/\/belenshana.com\/ te permite administrar tus preferencias de cookies en cualquier momento. Puedes hacerlo utilizando el panel de control de cookies que se encuentra en el banner de advertencia de cookies.<\/p><p>\u00a0<\/p><p>\u00a0<\/p><p>\u00a0<\/p><p><strong>Aceptaci\u00f3n de cookies<\/strong><\/p><p>\u00a0<\/p><p>Al acceder a este sitio web o aplicaci\u00f3n por primera vez, se mostrar\u00e1 una advertencia donde se informa de la utilizaci\u00f3n de las cookies y donde puede consultar esta pol\u00edtica de cookies. Si el usuario consiente la utilizaci\u00f3n de cookies, se realizar\u00e1 la instalaci\u00f3n de las mismas en su equipo o dispositivo.<\/p><p>\u00a0<\/p><p>Adem\u00e1s del uso de nuestras cookies propias, permitimos a terceros establecer cookies y acceder a ellas en su ordenador. El consentimiento del uso de las cookies de estas empresas est\u00e1 ligado a la navegaci\u00f3n por este sitio web.<\/p><p>\u00a0<\/p><p>\u00a0<\/p><p>\u00a0<\/p><p><strong>M\u00e1s informaci\u00f3n sobre las cookies<\/strong><\/p><p>\u00a0<\/p><p>Puedes consultar el reglamento sobre cookies publicado por la Agencia Espa\u00f1ola de Protecci\u00f3n de Datos en su <em>\u201c<\/em><a href=\"https:\/\/www.aepd.es\/sites\/default\/files\/2020-07\/guia-cookies.pdf\"><em>Gu\u00eda sobre el uso de las cookies\u201d<\/em><\/a> y\u00a0 obtener m\u00e1s informaci\u00f3n sobre las cookies en Internet, <a href=\"http:\/\/www.aboutcookies.org\/\"><em>http:\/\/www.aboutcookies.org\/<\/em><\/a><\/p><p>\u00a0<\/p><p>Si desea tener un mayor control sobre la instalaci\u00f3n de cookies, puede instalar programas o complementos a su navegador, conocidos como herramientas de <em>\u201cDo Not Track\u201d<\/em>, que le permitir\u00e1n escoger aquellas cookies que desea permitir.<\/p><p>\u00a0Esta pol\u00edtica de cookies ha sido actualizada por \u00faltima vez el 5\/7\/2024<\/p>\t\t\t\t\t\t\t\t<\/div>\n\t\t\t\t<\/div>\n\t\t\t\t\t<\/div>\n\t\t\t\t<\/div>\n\t\t\t\t<\/div>\n\t\t","protected":false},"excerpt":{"rendered":"<p>POL\u00cdTICA DE COOKIES \u00a0 En esta web recopilamos y utilizamos la informaci\u00f3n seg\u00fan indicamos en nuestra pol\u00edtica de privacidad. Una de las formas en las que recopilamos informaci\u00f3n es a trav\u00e9s del uso de la tecnolog\u00eda llamada \u201ccookies\u201d. Enbhttps:\/\/belenshana.com\/, utilizamos cookies para varias cosas. \u00a0 \u00a0 \u00a0 \u00bfQu\u00e9 es una cookie? \u00a0 Una \u201ccookie\u201d es [&hellip;]<\/p>\n","protected":false},"author":7,"featured_media":0,"parent":0,"menu_order":0,"comment_status":"closed","ping_status":"closed","template":"","meta":{"site-sidebar-layout":"no-sidebar","site-content-layout":"page-builder","ast-site-content-layout":"full-width-container","site-content-style":"default","site-sidebar-style":"default","ast-global-header-display":"","ast-banner-title-visibility":"","ast-main-header-display":"","ast-hfb-above-header-display":"","ast-hfb-below-header-display":"","ast-hfb-mobile-header-display":"","site-post-title":"disabled","ast-breadcrumbs-content":"","ast-featured-img":"disabled","footer-sml-layout":"","ast-disable-related-posts":"","theme-transparent-header-meta":"","adv-header-id-meta":"","stick-header-meta":"","header-above-stick-meta":"","header-main-stick-meta":"","header-below-stick-meta":"","astra-migrate-meta-layouts":"set","ast-page-background-enabled":"default","ast-page-background-meta":{"desktop":{"background-color":"var(--ast-global-color-4)","background-image":"","background-repeat":"repeat","background-position":"center center","background-size":"auto","background-attachment":"scroll","background-type":"","background-media":"","overlay-type":"","overlay-color":"","overlay-opacity":"","overlay-gradient":""},"tablet":{"background-color":"","background-image":"","background-repeat":"repeat","background-position":"center center","background-size":"auto","background-attachment":"scroll","background-type":"","background-media":"","overlay-type":"","overlay-color":"","overlay-opacity":"","overlay-gradient":""},"mobile":{"background-color":"","background-image":"","background-repeat":"repeat","background-position":"center center","background-size":"auto","background-attachment":"scroll","background-type":"","background-media":"","overlay-type":"","overlay-color":"","overlay-opacity":"","overlay-gradient":""}},"ast-content-background-meta":{"desktop":{"background-color":"var(--ast-global-color-5)","background-image":"","background-repeat":"repeat","background-position":"center center","background-size":"auto","background-attachment":"scroll","background-type":"","background-media":"","overlay-type":"","overlay-color":"","overlay-opacity":"","overlay-gradient":""},"tablet":{"background-color":"var(--ast-global-color-5)","background-image":"","background-repeat":"repeat","background-position":"center center","background-size":"auto","background-attachment":"scroll","background-type":"","background-media":"","overlay-type":"","overlay-color":"","overlay-opacity":"","overlay-gradient":""},"mobile":{"background-color":"var(--ast-global-color-5)","background-image":"","background-repeat":"repeat","background-position":"center center","background-size":"auto","background-attachment":"scroll","background-type":"","background-media":"","overlay-type":"","overlay-color":"","overlay-opacity":"","overlay-gradient":""}},"_joinchat":[],"footnotes":""},"class_list":["post-246062","page","type-page","status-publish","hentry"],"yoast_head":"<!-- This site is optimized with the Yoast SEO plugin v27.4 - https:\/\/yoast.com\/product\/yoast-seo-wordpress\/ -->\n<title>Pol\u00edtica de cookies | Bel\u00e9n Shana Academy<\/title>\n<meta name=\"robots\" content=\"noindex, follow\" \/>\n<meta property=\"og:locale\" content=\"en_GB\" \/>\n<meta property=\"og:type\" content=\"article\" \/>\n<meta property=\"og:title\" content=\"Pol\u00edtica de cookies | Bel\u00e9n Shana Academy\" \/>\n<meta property=\"og:description\" content=\"POL\u00cdTICA DE COOKIES \u00a0 En esta web recopilamos y utilizamos la informaci\u00f3n seg\u00fan indicamos en nuestra pol\u00edtica de privacidad. Una de las formas en las que recopilamos informaci\u00f3n es a trav\u00e9s del uso de la tecnolog\u00eda llamada \u201ccookies\u201d. Enbhttps:\/\/belenshana.com\/, utilizamos cookies para varias cosas. \u00a0 \u00a0 \u00a0 \u00bfQu\u00e9 es una cookie? \u00a0 Una \u201ccookie\u201d es [&hellip;]\" \/>\n<meta property=\"og:url\" content=\"https:\/\/belenshana.com\/en\/cookie-policy\/\" \/>\n<meta property=\"og:site_name\" content=\"Bel\u00e9n Shana Academy\" \/>\n<meta property=\"article:modified_time\" content=\"2024-06-30T18:00:34+00:00\" \/>\n<meta property=\"og:image\" content=\"https:\/\/belenshana.com\/wp-content\/uploads\/2024\/06\/Diseno-sin-titulo-1.png\" \/>\n\t<meta property=\"og:image:width\" content=\"500\" \/>\n\t<meta property=\"og:image:height\" content=\"500\" \/>\n\t<meta property=\"og:image:type\" content=\"image\/png\" \/>\n<meta name=\"twitter:card\" content=\"summary_large_image\" \/>\n<meta name=\"twitter:label1\" content=\"Estimated reading time\" \/>\n\t<meta name=\"twitter:data1\" content=\"5 minutes\" \/>\n<script type=\"application\/ld+json\" class=\"yoast-schema-graph\">{\"@context\":\"https:\\\/\\\/schema.org\",\"@graph\":[{\"@type\":\"WebPage\",\"@id\":\"https:\\\/\\\/belenshana.com\\\/politica-de-cookies\\\/\",\"url\":\"https:\\\/\\\/belenshana.com\\\/politica-de-cookies\\\/\",\"name\":\"Pol\u00edtica de cookies | Bel\u00e9n Shana Academy\",\"isPartOf\":{\"@id\":\"https:\\\/\\\/belenshana.com\\\/#website\"},\"datePublished\":\"2024-06-30T17:55:40+00:00\",\"dateModified\":\"2024-06-30T18:00:34+00:00\",\"breadcrumb\":{\"@id\":\"https:\\\/\\\/belenshana.com\\\/politica-de-cookies\\\/#breadcrumb\"},\"inLanguage\":\"en-GB\",\"potentialAction\":[{\"@type\":\"ReadAction\",\"target\":[\"https:\\\/\\\/belenshana.com\\\/politica-de-cookies\\\/\"]}]},{\"@type\":\"BreadcrumbList\",\"@id\":\"https:\\\/\\\/belenshana.com\\\/politica-de-cookies\\\/#breadcrumb\",\"itemListElement\":[{\"@type\":\"ListItem\",\"position\":1,\"name\":\"Portada\",\"item\":\"https:\\\/\\\/belenshana.com\\\/\"},{\"@type\":\"ListItem\",\"position\":2,\"name\":\"Pol\u00edtica de cookies\"}]},{\"@type\":\"WebSite\",\"@id\":\"https:\\\/\\\/belenshana.com\\\/#website\",\"url\":\"https:\\\/\\\/belenshana.com\\\/\",\"name\":\"Bel\u00e9n Shana Academy\",\"description\":\"Academia online Danza y espiritualidad\",\"publisher\":{\"@id\":\"https:\\\/\\\/belenshana.com\\\/#\\\/schema\\\/person\\\/a3b79653d3b78e1384b9016606bcae09\"},\"alternateName\":\"BS\",\"potentialAction\":[{\"@type\":\"SearchAction\",\"target\":{\"@type\":\"EntryPoint\",\"urlTemplate\":\"https:\\\/\\\/belenshana.com\\\/?s={search_term_string}\"},\"query-input\":{\"@type\":\"PropertyValueSpecification\",\"valueRequired\":true,\"valueName\":\"search_term_string\"}}],\"inLanguage\":\"en-GB\"},{\"@type\":[\"Person\",\"Organization\"],\"@id\":\"https:\\\/\\\/belenshana.com\\\/#\\\/schema\\\/person\\\/a3b79653d3b78e1384b9016606bcae09\",\"name\":\"Admin\",\"image\":{\"@type\":\"ImageObject\",\"inLanguage\":\"en-GB\",\"@id\":\"https:\\\/\\\/belenshana.com\\\/wp-content\\\/uploads\\\/2024\\\/06\\\/Diseno-sin-titulo-1.png\",\"url\":\"https:\\\/\\\/belenshana.com\\\/wp-content\\\/uploads\\\/2024\\\/06\\\/Diseno-sin-titulo-1.png\",\"contentUrl\":\"https:\\\/\\\/belenshana.com\\\/wp-content\\\/uploads\\\/2024\\\/06\\\/Diseno-sin-titulo-1.png\",\"width\":500,\"height\":500,\"caption\":\"Admin\"},\"logo\":{\"@id\":\"https:\\\/\\\/belenshana.com\\\/wp-content\\\/uploads\\\/2024\\\/06\\\/Diseno-sin-titulo-1.png\"}}]}<\/script>\n<!-- \/ Yoast SEO plugin. -->","yoast_head_json":{"title":"Cookie Policy | Bel\u00e9n Shana Academy","robots":{"index":"noindex","follow":"follow"},"og_locale":"en_GB","og_type":"article","og_title":"Pol\u00edtica de cookies | Bel\u00e9n Shana Academy","og_description":"POL\u00cdTICA DE COOKIES \u00a0 En esta web recopilamos y utilizamos la informaci\u00f3n seg\u00fan indicamos en nuestra pol\u00edtica de privacidad. Una de las formas en las que recopilamos informaci\u00f3n es a trav\u00e9s del uso de la tecnolog\u00eda llamada \u201ccookies\u201d. Enbhttps:\/\/belenshana.com\/, utilizamos cookies para varias cosas. \u00a0 \u00a0 \u00a0 \u00bfQu\u00e9 es una cookie? \u00a0 Una \u201ccookie\u201d es [&hellip;]","og_url":"https:\/\/belenshana.com\/en\/cookie-policy\/","og_site_name":"Bel\u00e9n Shana Academy","article_modified_time":"2024-06-30T18:00:34+00:00","og_image":[{"width":500,"height":500,"url":"https:\/\/belenshana.com\/wp-content\/uploads\/2024\/06\/Diseno-sin-titulo-1.png","type":"image\/png"}],"twitter_card":"summary_large_image","twitter_misc":{"Estimated reading time":"5 minutes"},"schema":{"@context":"https:\/\/schema.org","@graph":[{"@type":"WebPage","@id":"https:\/\/belenshana.com\/politica-de-cookies\/","url":"https:\/\/belenshana.com\/politica-de-cookies\/","name":"Cookie Policy | Bel\u00e9n Shana Academy","isPartOf":{"@id":"https:\/\/belenshana.com\/#website"},"datePublished":"2024-06-30T17:55:40+00:00","dateModified":"2024-06-30T18:00:34+00:00","breadcrumb":{"@id":"https:\/\/belenshana.com\/politica-de-cookies\/#breadcrumb"},"inLanguage":"en-GB","potentialAction":[{"@type":"ReadAction","target":["https:\/\/belenshana.com\/politica-de-cookies\/"]}]},{"@type":"BreadcrumbList","@id":"https:\/\/belenshana.com\/politica-de-cookies\/#breadcrumb","itemListElement":[{"@type":"ListItem","position":1,"name":"Portada","item":"https:\/\/belenshana.com\/"},{"@type":"ListItem","position":2,"name":"Pol\u00edtica de cookies"}]},{"@type":"WebSite","@id":"https:\/\/belenshana.com\/#website","url":"https:\/\/belenshana.com\/","name":"Bethlehem Shana Academy","description":"Online Academy Dance and Spirituality","publisher":{"@id":"https:\/\/belenshana.com\/#\/schema\/person\/a3b79653d3b78e1384b9016606bcae09"},"alternateName":"BS","potentialAction":[{"@type":"SearchAction","target":{"@type":"EntryPoint","urlTemplate":"https:\/\/belenshana.com\/?s={search_term_string}"},"query-input":{"@type":"PropertyValueSpecification","valueRequired":true,"valueName":"search_term_string"}}],"inLanguage":"en-GB"},{"@type":["Person","Organization"],"@id":"https:\/\/belenshana.com\/#\/schema\/person\/a3b79653d3b78e1384b9016606bcae09","name":"Admin","image":{"@type":"ImageObject","inLanguage":"en-GB","@id":"https:\/\/belenshana.com\/wp-content\/uploads\/2024\/06\/Diseno-sin-titulo-1.png","url":"https:\/\/belenshana.com\/wp-content\/uploads\/2024\/06\/Diseno-sin-titulo-1.png","contentUrl":"https:\/\/belenshana.com\/wp-content\/uploads\/2024\/06\/Diseno-sin-titulo-1.png","width":500,"height":500,"caption":"Admin"},"logo":{"@id":"https:\/\/belenshana.com\/wp-content\/uploads\/2024\/06\/Diseno-sin-titulo-1.png"}}]}},"_links":{"self":[{"href":"https:\/\/belenshana.com\/en\/wp-json\/wp\/v2\/pages\/246062","targetHints":{"allow":["GET"]}}],"collection":[{"href":"https:\/\/belenshana.com\/en\/wp-json\/wp\/v2\/pages"}],"about":[{"href":"https:\/\/belenshana.com\/en\/wp-json\/wp\/v2\/types\/page"}],"author":[{"embeddable":true,"href":"https:\/\/belenshana.com\/en\/wp-json\/wp\/v2\/users\/7"}],"replies":[{"embeddable":true,"href":"https:\/\/belenshana.com\/en\/wp-json\/wp\/v2\/comments?post=246062"}],"version-history":[{"count":7,"href":"https:\/\/belenshana.com\/en\/wp-json\/wp\/v2\/pages\/246062\/revisions"}],"predecessor-version":[{"id":246069,"href":"https:\/\/belenshana.com\/en\/wp-json\/wp\/v2\/pages\/246062\/revisions\/246069"}],"wp:attachment":[{"href":"https:\/\/belenshana.com\/en\/wp-json\/wp\/v2\/media?parent=246062"}],"curies":[{"name":"wp","href":"https:\/\/api.w.org\/{rel}","templated":true}]}}