{"id":245071,"date":"2024-02-29T20:18:05","date_gmt":"2024-02-29T19:18:05","guid":{"rendered":"https:\/\/belenshana.com\/?page_id=245071"},"modified":"2024-06-14T19:29:00","modified_gmt":"2024-06-14T18:29:00","slug":"conoce-a-belen-shana","status":"publish","type":"page","link":"https:\/\/belenshana.com\/en\/meet-belen-shana\/","title":{"rendered":"Meet Bel\u00e9n Shana"},"content":{"rendered":"<div data-elementor-type=\"wp-page\" data-elementor-id=\"245071\" class=\"elementor elementor-245071\" data-elementor-post-type=\"page\">\n\t\t\t\t<div class=\"elementor-element elementor-element-405b3d8 e-con-full e-flex e-con e-parent\" data-id=\"405b3d8\" data-element_type=\"container\" data-e-type=\"container\" data-settings=\"{&quot;background_background&quot;:&quot;classic&quot;}\">\n\t\t\t\t<div class=\"elementor-element elementor-element-e27a4a9 elementor-invisible elementor-widget elementor-widget-heading\" data-id=\"e27a4a9\" data-element_type=\"widget\" data-e-type=\"widget\" data-settings=\"{&quot;_animation&quot;:&quot;slideInRight&quot;}\" data-widget_type=\"heading.default\">\n\t\t\t\t<div class=\"elementor-widget-container\">\n\t\t\t\t\t<h2 class=\"elementor-heading-title elementor-size-default\">MEET BELEN SHANA<\/h2>\t\t\t\t<\/div>\n\t\t\t\t<\/div>\n\t\t\t\t<div class=\"elementor-element elementor-element-a3a6456 elementor-widget__width-initial elementor-widget-mobile__width-initial elementor-widget elementor-widget-text-editor\" data-id=\"a3a6456\" data-element_type=\"widget\" data-e-type=\"widget\" data-widget_type=\"text-editor.default\">\n\t\t\t\t<div class=\"elementor-widget-container\">\n\t\t\t\t\t\t\t\t\t<p>Bel\u00e9n Shana, creator of the Silence Dance Method<\/p>\t\t\t\t\t\t\t\t<\/div>\n\t\t\t\t<\/div>\n\t\t\t\t<\/div>\n\t\t<div class=\"elementor-element elementor-element-21d4380 e-con-full e-flex e-con e-parent\" data-id=\"21d4380\" data-element_type=\"container\" data-e-type=\"container\" data-settings=\"{&quot;background_background&quot;:&quot;classic&quot;}\">\n\t\t<div class=\"elementor-element elementor-element-5e2cfd1 e-con-full e-flex e-con e-child\" data-id=\"5e2cfd1\" data-element_type=\"container\" data-e-type=\"container\" data-settings=\"{&quot;background_background&quot;:&quot;classic&quot;}\">\n\t\t\t\t<div class=\"elementor-element elementor-element-ab93cbe elementor-widget__width-initial elementor-widget-mobile__width-initial elementor-widget elementor-widget-text-editor\" data-id=\"ab93cbe\" data-element_type=\"widget\" data-e-type=\"widget\" data-widget_type=\"text-editor.default\">\n\t\t\t\t<div class=\"elementor-widget-container\">\n\t\t\t\t\t\t\t\t\t<p>Bel\u00e9n Shana has danced on many stages. A specialist in Oriental Dance, she has been teaching it for more than twenty years. She has trained in dance, physical theatre, acting and body techniques in Spain, Morocco, Sweden and Canada.<\/p>\t\t\t\t\t\t\t\t<\/div>\n\t\t\t\t<\/div>\n\t\t\t\t<\/div>\n\t\t\t\t<\/div>\n\t\t<div class=\"elementor-element elementor-element-3e7eb06 e-con-full e-flex e-con e-parent\" data-id=\"3e7eb06\" data-element_type=\"container\" data-e-type=\"container\" data-settings=\"{&quot;background_background&quot;:&quot;classic&quot;}\">\n\t\t<div class=\"elementor-element elementor-element-af5b71d e-con-full e-flex elementor-invisible e-con e-child\" data-id=\"af5b71d\" data-element_type=\"container\" data-e-type=\"container\" data-settings=\"{&quot;animation&quot;:&quot;fadeInLeft&quot;}\">\n\t\t\t\t<div class=\"elementor-element elementor-element-c203869 elementor-widget elementor-widget-image\" data-id=\"c203869\" data-element_type=\"widget\" data-e-type=\"widget\" data-widget_type=\"image.default\">\n\t\t\t\t<div class=\"elementor-widget-container\">\n\t\t\t\t\t\t\t\t\t\t\t\t\t\t\t<img fetchpriority=\"high\" decoding=\"async\" width=\"683\" height=\"1024\" src=\"https:\/\/belenshana.com\/wp-content\/uploads\/2024\/04\/Belen-Shana-CONOCE-A-BELEN-SHANA-foto-2-683x1024.webp\" class=\"attachment-large size-large wp-image-245333\" alt=\"\" srcset=\"https:\/\/belenshana.com\/wp-content\/uploads\/2024\/04\/Belen-Shana-CONOCE-A-BELEN-SHANA-foto-2-683x1024.webp 683w, https:\/\/belenshana.com\/wp-content\/uploads\/2024\/04\/Belen-Shana-CONOCE-A-BELEN-SHANA-foto-2-200x300.webp 200w, https:\/\/belenshana.com\/wp-content\/uploads\/2024\/04\/Belen-Shana-CONOCE-A-BELEN-SHANA-foto-2-768x1152.webp 768w, https:\/\/belenshana.com\/wp-content\/uploads\/2024\/04\/Belen-Shana-CONOCE-A-BELEN-SHANA-foto-2-67x100.webp 67w, https:\/\/belenshana.com\/wp-content\/uploads\/2024\/04\/Belen-Shana-CONOCE-A-BELEN-SHANA-foto-2-1024x1536.webp 1024w, https:\/\/belenshana.com\/wp-content\/uploads\/2024\/04\/Belen-Shana-CONOCE-A-BELEN-SHANA-foto-2-1365x2048.webp 1365w, https:\/\/belenshana.com\/wp-content\/uploads\/2024\/04\/Belen-Shana-CONOCE-A-BELEN-SHANA-foto-2-600x900.webp 600w, https:\/\/belenshana.com\/wp-content\/uploads\/2024\/04\/Belen-Shana-CONOCE-A-BELEN-SHANA-foto-2-scaled.webp 1707w\" sizes=\"(max-width: 683px) 100vw, 683px\" \/>\t\t\t\t\t\t\t\t\t\t\t\t\t\t\t<\/div>\n\t\t\t\t<\/div>\n\t\t\t\t<\/div>\n\t\t<div class=\"elementor-element elementor-element-0512891 e-con-full e-flex e-con e-child\" data-id=\"0512891\" data-element_type=\"container\" data-e-type=\"container\">\n\t\t\t\t<div class=\"elementor-element elementor-element-241b3b7 elementor-widget__width-initial elementor-widget-mobile__width-initial elementor-widget elementor-widget-text-editor\" data-id=\"241b3b7\" data-element_type=\"widget\" data-e-type=\"widget\" data-widget_type=\"text-editor.default\">\n\t\t\t\t<div class=\"elementor-widget-container\">\n\t\t\t\t\t\t\t\t\t<p>She has performed in a variety of theatres and performance spaces, most regularly at the Sala Galileo Galilei in Madrid. She has collaborated with different dance and theatre companies and has been a member of the Oriental Dance jury at Arrabona Bellydance (Hungary, organised by Selena Erzsebet Papai) and at Habibi Dance Festival (Spain, organised by Miren Ripa). She has danced for different embassies at the Five Star Hotel Bless in Madrid.<\/p><p>\u00a0<\/p><p>She has experience dancing on television channels such as Telecinco. She has also collaborated teaching dance in programmes on Telemadrid.<\/p>\t\t\t\t\t\t\t\t<\/div>\n\t\t\t\t<\/div>\n\t\t\t\t<\/div>\n\t\t\t\t<\/div>\n\t\t<div class=\"elementor-element elementor-element-e20988d e-con-full e-flex e-con e-parent\" data-id=\"e20988d\" data-element_type=\"container\" data-e-type=\"container\" data-settings=\"{&quot;background_background&quot;:&quot;classic&quot;}\">\n\t\t<div class=\"elementor-element elementor-element-0c43081 e-con-full e-flex e-con e-child\" data-id=\"0c43081\" data-element_type=\"container\" data-e-type=\"container\">\n\t\t\t\t<div class=\"elementor-element elementor-element-aa811b8 elementor-widget__width-initial elementor-widget-mobile__width-initial elementor-widget elementor-widget-text-editor\" data-id=\"aa811b8\" data-element_type=\"widget\" data-e-type=\"widget\" data-widget_type=\"text-editor.default\">\n\t\t\t\t<div class=\"elementor-widget-container\">\n\t\t\t\t\t\t\t\t\t<p><span style=\"color: #ffc800;\">Since 2013 she has been directing and teaching at her own OrienteOccidente Oriental Dance School in the heart of Madrid, in the Barrio de Salamanca, where she has trained hundreds of students and has taught internationally renowned teachers.<\/span><\/p><p>\u00a0<\/p><p><span style=\"color: #ffffff;\">Graduate in Philosophy, expert in Philosophy of Art. Specialist in Body Expression and Anti-Stress Psychology.<\/span><\/p><p>\u00a0<\/p><p><span style=\"color: #ffc800;\">Since her adolescence she has been interested in the world of self-knowledge and has received training in meditation and psycho-corporal techniques from the most diverse traditions, being the relationship of all of them with dance her contribution through the Silence Dance method.<\/span><\/p>\t\t\t\t\t\t\t\t<\/div>\n\t\t\t\t<\/div>\n\t\t\t\t<\/div>\n\t\t<div class=\"elementor-element elementor-element-67abdb8 e-con-full e-flex elementor-invisible e-con e-child\" data-id=\"67abdb8\" data-element_type=\"container\" data-e-type=\"container\" data-settings=\"{&quot;animation&quot;:&quot;fadeInLeft&quot;,&quot;background_background&quot;:&quot;classic&quot;}\">\n\t\t\t\t<\/div>\n\t\t\t\t<\/div>\n\t\t<div class=\"elementor-element elementor-element-069eed6 e-flex e-con-boxed e-con e-parent\" data-id=\"069eed6\" data-element_type=\"container\" data-e-type=\"container\" data-settings=\"{&quot;background_background&quot;:&quot;classic&quot;}\">\n\t\t\t\t\t<div class=\"e-con-inner\">\n\t\t<div class=\"elementor-element elementor-element-5d0aa8c e-con-full e-flex e-con e-child\" data-id=\"5d0aa8c\" data-element_type=\"container\" data-e-type=\"container\">\n\t\t\t\t<div class=\"elementor-element elementor-element-b91a644 elementor-widget__width-initial elementor-widget-mobile__width-initial e-transform elementor-widget elementor-widget-text-editor\" data-id=\"b91a644\" data-element_type=\"widget\" data-e-type=\"widget\" data-settings=\"{&quot;_transform_scale_effect_hover&quot;:{&quot;unit&quot;:&quot;px&quot;,&quot;size&quot;:1.05,&quot;sizes&quot;:[]},&quot;_transform_scale_effect_hover_tablet&quot;:{&quot;unit&quot;:&quot;px&quot;,&quot;size&quot;:&quot;&quot;,&quot;sizes&quot;:[]},&quot;_transform_scale_effect_hover_mobile&quot;:{&quot;unit&quot;:&quot;px&quot;,&quot;size&quot;:&quot;&quot;,&quot;sizes&quot;:[]}}\" data-widget_type=\"text-editor.default\">\n\t\t\t\t<div class=\"elementor-widget-container\">\n\t\t\t\t\t\t\t\t\t<p>He has drawn from various traditions, both on a practical and theoretical level: advaita-vedanta, Chinese and Korean tradition, Hindu hatha tradition, Western-European tradition. His teachers have been of various nationalities and visions: China, Korea, Tibet, Indonesia, Europe, South America...<\/p>\t\t\t\t\t\t\t\t<\/div>\n\t\t\t\t<\/div>\n\t\t\t\t<\/div>\n\t\t<div class=\"elementor-element elementor-element-9cc7998 e-con-full e-flex e-con e-child\" data-id=\"9cc7998\" data-element_type=\"container\" data-e-type=\"container\">\n\t\t\t\t<\/div>\n\t\t<div class=\"elementor-element elementor-element-ed0d385 e-con-full e-flex e-con e-child\" data-id=\"ed0d385\" data-element_type=\"container\" data-e-type=\"container\">\n\t\t\t\t<\/div>\n\t\t<div class=\"elementor-element elementor-element-4275a46 e-con-full e-flex e-con e-child\" data-id=\"4275a46\" data-element_type=\"container\" data-e-type=\"container\">\n\t\t\t\t<div class=\"elementor-element elementor-element-38adb6b elementor-widget__width-initial elementor-widget-mobile__width-initial e-transform elementor-widget elementor-widget-text-editor\" data-id=\"38adb6b\" data-element_type=\"widget\" data-e-type=\"widget\" data-settings=\"{&quot;_transform_scale_effect_hover&quot;:{&quot;unit&quot;:&quot;px&quot;,&quot;size&quot;:1.05,&quot;sizes&quot;:[]},&quot;_transform_scale_effect_hover_tablet&quot;:{&quot;unit&quot;:&quot;px&quot;,&quot;size&quot;:&quot;&quot;,&quot;sizes&quot;:[]},&quot;_transform_scale_effect_hover_mobile&quot;:{&quot;unit&quot;:&quot;px&quot;,&quot;size&quot;:&quot;&quot;,&quot;sizes&quot;:[]}}\" data-widget_type=\"text-editor.default\">\n\t\t\t\t<div class=\"elementor-widget-container\">\n\t\t\t\t\t\t\t\t\t<p>Clearly interested in mysticism in its broadest version, she considers humour to be the best way to settle into dancing spirituality, as an authentic experiment in happiness.<\/p>\t\t\t\t\t\t\t\t<\/div>\n\t\t\t\t<\/div>\n\t\t\t\t<\/div>\n\t\t\t\t\t<\/div>\n\t\t\t\t<\/div>\n\t\t<div class=\"elementor-element elementor-element-917e759 e-flex e-con-boxed e-con e-parent\" data-id=\"917e759\" data-element_type=\"container\" data-e-type=\"container\" data-settings=\"{&quot;background_background&quot;:&quot;classic&quot;}\">\n\t\t\t\t\t<div class=\"e-con-inner\">\n\t\t\t\t<div class=\"elementor-element elementor-element-59cfcec elementor-widget__width-initial elementor-widget-mobile__width-initial elementor-invisible elementor-widget elementor-widget-heading\" data-id=\"59cfcec\" data-element_type=\"widget\" data-e-type=\"widget\" data-settings=\"{&quot;_animation&quot;:&quot;slideInRight&quot;}\" data-widget_type=\"heading.default\">\n\t\t\t\t<div class=\"elementor-widget-container\">\n\t\t\t\t\t<h3 class=\"elementor-heading-title elementor-size-default\">Bel\u00e9n Shana's website, www.belenshana.com, is a reference point for dancers interested in expanding their creativity and is visited by students from all over the world.<\/h3>\t\t\t\t<\/div>\n\t\t\t\t<\/div>\n\t\t\t\t\t<\/div>\n\t\t\t\t<\/div>\n\t\t\t\t<\/div>","protected":false},"excerpt":{"rendered":"<p>CONOCE A BEL\u00c9N SHANA Bel\u00e9n Shana, creadora del m\u00e9todo Silence Dance Bel\u00e9n Shana ha bailado en multitud de escenarios. Especialista en Danza Oriental, se dedica a su ense\u00f1anza desde hace m\u00e1s de veinte a\u00f1os. Se ha formado en danza, teatro f\u00edsico, interpretaci\u00f3n y t\u00e9cnicas corporales en Espa\u00f1a, Marruecos, Suecia y Canad\u00e1. Ha actuado en diversidad [&hellip;]<\/p>\n","protected":false},"author":7,"featured_media":0,"parent":0,"menu_order":0,"comment_status":"closed","ping_status":"closed","template":"","meta":{"site-sidebar-layout":"no-sidebar","site-content-layout":"page-builder","ast-site-content-layout":"full-width-container","site-content-style":"unboxed","site-sidebar-style":"unboxed","ast-global-header-display":"","ast-banner-title-visibility":"","ast-main-header-display":"","ast-hfb-above-header-display":"","ast-hfb-below-header-display":"","ast-hfb-mobile-header-display":"","site-post-title":"disabled","ast-breadcrumbs-content":"","ast-featured-img":"disabled","footer-sml-layout":"","ast-disable-related-posts":"","theme-transparent-header-meta":"enabled","adv-header-id-meta":"","stick-header-meta":"","header-above-stick-meta":"","header-main-stick-meta":"","header-below-stick-meta":"","astra-migrate-meta-layouts":"set","ast-page-background-enabled":"default","ast-page-background-meta":{"desktop":{"background-color":"var(--ast-global-color-4)","background-image":"","background-repeat":"repeat","background-position":"center center","background-size":"auto","background-attachment":"scroll","background-type":"","background-media":"","overlay-type":"","overlay-color":"","overlay-opacity":"","overlay-gradient":""},"tablet":{"background-color":"","background-image":"","background-repeat":"repeat","background-position":"center center","background-size":"auto","background-attachment":"scroll","background-type":"","background-media":"","overlay-type":"","overlay-color":"","overlay-opacity":"","overlay-gradient":""},"mobile":{"background-color":"","background-image":"","background-repeat":"repeat","background-position":"center center","background-size":"auto","background-attachment":"scroll","background-type":"","background-media":"","overlay-type":"","overlay-color":"","overlay-opacity":"","overlay-gradient":""}},"ast-content-background-meta":{"desktop":{"background-color":"var(--ast-global-color-5)","background-image":"","background-repeat":"repeat","background-position":"center center","background-size":"auto","background-attachment":"scroll","background-type":"","background-media":"","overlay-type":"","overlay-color":"","overlay-opacity":"","overlay-gradient":""},"tablet":{"background-color":"var(--ast-global-color-5)","background-image":"","background-repeat":"repeat","background-position":"center center","background-size":"auto","background-attachment":"scroll","background-type":"","background-media":"","overlay-type":"","overlay-color":"","overlay-opacity":"","overlay-gradient":""},"mobile":{"background-color":"var(--ast-global-color-5)","background-image":"","background-repeat":"repeat","background-position":"center center","background-size":"auto","background-attachment":"scroll","background-type":"","background-media":"","overlay-type":"","overlay-color":"","overlay-opacity":"","overlay-gradient":""}},"_joinchat":[],"footnotes":""},"class_list":["post-245071","page","type-page","status-publish","hentry"],"yoast_head":"<!-- This site is optimized with the Yoast SEO plugin v27.4 - https:\/\/yoast.com\/product\/yoast-seo-wordpress\/ -->\n<title>Conoce a Bel\u00e9n Shana<\/title>\n<meta name=\"description\" content=\"Bel\u00e9n Shana ha bailado en multitud de escenarios de Espa\u00f1a y Europa. Especialista en Danza Oriental, m\u00e1s de 20 a\u00f1os ense\u00f1ando danza.\" \/>\n<meta name=\"robots\" content=\"index, follow, max-snippet:-1, max-image-preview:large, max-video-preview:-1\" \/>\n<link rel=\"canonical\" href=\"https:\/\/belenshana.com\/en\/meet-belen-shana\/\" \/>\n<meta property=\"og:locale\" content=\"en_GB\" \/>\n<meta property=\"og:type\" content=\"article\" \/>\n<meta property=\"og:title\" content=\"Conoce a Bel\u00e9n Shana\" \/>\n<meta property=\"og:description\" content=\"Bel\u00e9n Shana ha bailado en multitud de escenarios de Espa\u00f1a y Europa. Especialista en Danza Oriental, m\u00e1s de 20 a\u00f1os ense\u00f1ando danza.\" \/>\n<meta property=\"og:url\" content=\"https:\/\/belenshana.com\/en\/meet-belen-shana\/\" \/>\n<meta property=\"og:site_name\" content=\"Bel\u00e9n Shana Academy\" \/>\n<meta property=\"article:modified_time\" content=\"2024-06-14T18:29:00+00:00\" \/>\n<meta property=\"og:image\" content=\"https:\/\/belenshana.com\/wp-content\/uploads\/2024\/04\/Belen-Shana-CONOCE-A-BELEN-SHANA-foto-2-683x1024.webp\" \/>\n<meta name=\"twitter:card\" content=\"summary_large_image\" \/>\n<meta name=\"twitter:label1\" content=\"Estimated reading time\" \/>\n\t<meta name=\"twitter:data1\" content=\"2 minutes\" \/>\n<script type=\"application\/ld+json\" class=\"yoast-schema-graph\">{\"@context\":\"https:\\\/\\\/schema.org\",\"@graph\":[{\"@type\":[\"WebPage\",\"AboutPage\"],\"@id\":\"https:\\\/\\\/belenshana.com\\\/conoce-a-belen-shana\\\/\",\"url\":\"https:\\\/\\\/belenshana.com\\\/conoce-a-belen-shana\\\/\",\"name\":\"Conoce a Bel\u00e9n Shana\",\"isPartOf\":{\"@id\":\"https:\\\/\\\/belenshana.com\\\/#website\"},\"primaryImageOfPage\":{\"@id\":\"https:\\\/\\\/belenshana.com\\\/conoce-a-belen-shana\\\/#primaryimage\"},\"image\":{\"@id\":\"https:\\\/\\\/belenshana.com\\\/conoce-a-belen-shana\\\/#primaryimage\"},\"thumbnailUrl\":\"https:\\\/\\\/belenshana.com\\\/wp-content\\\/uploads\\\/2024\\\/04\\\/Belen-Shana-CONOCE-A-BELEN-SHANA-foto-2-683x1024.webp\",\"datePublished\":\"2024-02-29T19:18:05+00:00\",\"dateModified\":\"2024-06-14T18:29:00+00:00\",\"description\":\"Bel\u00e9n Shana ha bailado en multitud de escenarios de Espa\u00f1a y Europa. Especialista en Danza Oriental, m\u00e1s de 20 a\u00f1os ense\u00f1ando danza.\",\"breadcrumb\":{\"@id\":\"https:\\\/\\\/belenshana.com\\\/conoce-a-belen-shana\\\/#breadcrumb\"},\"inLanguage\":\"en-GB\",\"potentialAction\":[{\"@type\":\"ReadAction\",\"target\":[\"https:\\\/\\\/belenshana.com\\\/conoce-a-belen-shana\\\/\"]}]},{\"@type\":\"ImageObject\",\"inLanguage\":\"en-GB\",\"@id\":\"https:\\\/\\\/belenshana.com\\\/conoce-a-belen-shana\\\/#primaryimage\",\"url\":\"https:\\\/\\\/belenshana.com\\\/wp-content\\\/uploads\\\/2024\\\/04\\\/Belen-Shana-CONOCE-A-BELEN-SHANA-foto-2-683x1024.webp\",\"contentUrl\":\"https:\\\/\\\/belenshana.com\\\/wp-content\\\/uploads\\\/2024\\\/04\\\/Belen-Shana-CONOCE-A-BELEN-SHANA-foto-2-683x1024.webp\"},{\"@type\":\"BreadcrumbList\",\"@id\":\"https:\\\/\\\/belenshana.com\\\/conoce-a-belen-shana\\\/#breadcrumb\",\"itemListElement\":[{\"@type\":\"ListItem\",\"position\":1,\"name\":\"Portada\",\"item\":\"https:\\\/\\\/belenshana.com\\\/\"},{\"@type\":\"ListItem\",\"position\":2,\"name\":\"Conoce a Bel\u00e9n Shana\"}]},{\"@type\":\"WebSite\",\"@id\":\"https:\\\/\\\/belenshana.com\\\/#website\",\"url\":\"https:\\\/\\\/belenshana.com\\\/\",\"name\":\"Bel\u00e9n Shana Academy\",\"description\":\"Academia online Danza y espiritualidad\",\"publisher\":{\"@id\":\"https:\\\/\\\/belenshana.com\\\/#\\\/schema\\\/person\\\/a3b79653d3b78e1384b9016606bcae09\"},\"alternateName\":\"BS\",\"potentialAction\":[{\"@type\":\"SearchAction\",\"target\":{\"@type\":\"EntryPoint\",\"urlTemplate\":\"https:\\\/\\\/belenshana.com\\\/?s={search_term_string}\"},\"query-input\":{\"@type\":\"PropertyValueSpecification\",\"valueRequired\":true,\"valueName\":\"search_term_string\"}}],\"inLanguage\":\"en-GB\"},{\"@type\":[\"Person\",\"Organization\"],\"@id\":\"https:\\\/\\\/belenshana.com\\\/#\\\/schema\\\/person\\\/a3b79653d3b78e1384b9016606bcae09\",\"name\":\"Admin\",\"image\":{\"@type\":\"ImageObject\",\"inLanguage\":\"en-GB\",\"@id\":\"https:\\\/\\\/belenshana.com\\\/wp-content\\\/uploads\\\/2024\\\/06\\\/Diseno-sin-titulo-1.png\",\"url\":\"https:\\\/\\\/belenshana.com\\\/wp-content\\\/uploads\\\/2024\\\/06\\\/Diseno-sin-titulo-1.png\",\"contentUrl\":\"https:\\\/\\\/belenshana.com\\\/wp-content\\\/uploads\\\/2024\\\/06\\\/Diseno-sin-titulo-1.png\",\"width\":500,\"height\":500,\"caption\":\"Admin\"},\"logo\":{\"@id\":\"https:\\\/\\\/belenshana.com\\\/wp-content\\\/uploads\\\/2024\\\/06\\\/Diseno-sin-titulo-1.png\"}}]}<\/script>\n<!-- \/ Yoast SEO plugin. -->","yoast_head_json":{"title":"Meet Bel\u00e9n Shana","description":"Bel\u00e9n Shana has danced on many stages in Spain and Europe. Specialist in Oriental Dance, more than 20 years teaching dance.","robots":{"index":"index","follow":"follow","max-snippet":"max-snippet:-1","max-image-preview":"max-image-preview:large","max-video-preview":"max-video-preview:-1"},"canonical":"https:\/\/belenshana.com\/en\/meet-belen-shana\/","og_locale":"en_GB","og_type":"article","og_title":"Conoce a Bel\u00e9n Shana","og_description":"Bel\u00e9n Shana ha bailado en multitud de escenarios de Espa\u00f1a y Europa. Especialista en Danza Oriental, m\u00e1s de 20 a\u00f1os ense\u00f1ando danza.","og_url":"https:\/\/belenshana.com\/en\/meet-belen-shana\/","og_site_name":"Bel\u00e9n Shana Academy","article_modified_time":"2024-06-14T18:29:00+00:00","og_image":[{"url":"https:\/\/belenshana.com\/wp-content\/uploads\/2024\/04\/Belen-Shana-CONOCE-A-BELEN-SHANA-foto-2-683x1024.webp","type":"","width":"","height":""}],"twitter_card":"summary_large_image","twitter_misc":{"Estimated reading time":"2 minutes"},"schema":{"@context":"https:\/\/schema.org","@graph":[{"@type":["WebPage","AboutPage"],"@id":"https:\/\/belenshana.com\/conoce-a-belen-shana\/","url":"https:\/\/belenshana.com\/conoce-a-belen-shana\/","name":"Meet Bel\u00e9n Shana","isPartOf":{"@id":"https:\/\/belenshana.com\/#website"},"primaryImageOfPage":{"@id":"https:\/\/belenshana.com\/conoce-a-belen-shana\/#primaryimage"},"image":{"@id":"https:\/\/belenshana.com\/conoce-a-belen-shana\/#primaryimage"},"thumbnailUrl":"https:\/\/belenshana.com\/wp-content\/uploads\/2024\/04\/Belen-Shana-CONOCE-A-BELEN-SHANA-foto-2-683x1024.webp","datePublished":"2024-02-29T19:18:05+00:00","dateModified":"2024-06-14T18:29:00+00:00","description":"Bel\u00e9n Shana has danced on many stages in Spain and Europe. Specialist in Oriental Dance, more than 20 years teaching dance.","breadcrumb":{"@id":"https:\/\/belenshana.com\/conoce-a-belen-shana\/#breadcrumb"},"inLanguage":"en-GB","potentialAction":[{"@type":"ReadAction","target":["https:\/\/belenshana.com\/conoce-a-belen-shana\/"]}]},{"@type":"ImageObject","inLanguage":"en-GB","@id":"https:\/\/belenshana.com\/conoce-a-belen-shana\/#primaryimage","url":"https:\/\/belenshana.com\/wp-content\/uploads\/2024\/04\/Belen-Shana-CONOCE-A-BELEN-SHANA-foto-2-683x1024.webp","contentUrl":"https:\/\/belenshana.com\/wp-content\/uploads\/2024\/04\/Belen-Shana-CONOCE-A-BELEN-SHANA-foto-2-683x1024.webp"},{"@type":"BreadcrumbList","@id":"https:\/\/belenshana.com\/conoce-a-belen-shana\/#breadcrumb","itemListElement":[{"@type":"ListItem","position":1,"name":"Portada","item":"https:\/\/belenshana.com\/"},{"@type":"ListItem","position":2,"name":"Conoce a Bel\u00e9n Shana"}]},{"@type":"WebSite","@id":"https:\/\/belenshana.com\/#website","url":"https:\/\/belenshana.com\/","name":"Bethlehem Shana Academy","description":"Online Academy Dance and Spirituality","publisher":{"@id":"https:\/\/belenshana.com\/#\/schema\/person\/a3b79653d3b78e1384b9016606bcae09"},"alternateName":"BS","potentialAction":[{"@type":"SearchAction","target":{"@type":"EntryPoint","urlTemplate":"https:\/\/belenshana.com\/?s={search_term_string}"},"query-input":{"@type":"PropertyValueSpecification","valueRequired":true,"valueName":"search_term_string"}}],"inLanguage":"en-GB"},{"@type":["Person","Organization"],"@id":"https:\/\/belenshana.com\/#\/schema\/person\/a3b79653d3b78e1384b9016606bcae09","name":"Admin","image":{"@type":"ImageObject","inLanguage":"en-GB","@id":"https:\/\/belenshana.com\/wp-content\/uploads\/2024\/06\/Diseno-sin-titulo-1.png","url":"https:\/\/belenshana.com\/wp-content\/uploads\/2024\/06\/Diseno-sin-titulo-1.png","contentUrl":"https:\/\/belenshana.com\/wp-content\/uploads\/2024\/06\/Diseno-sin-titulo-1.png","width":500,"height":500,"caption":"Admin"},"logo":{"@id":"https:\/\/belenshana.com\/wp-content\/uploads\/2024\/06\/Diseno-sin-titulo-1.png"}}]}},"_links":{"self":[{"href":"https:\/\/belenshana.com\/en\/wp-json\/wp\/v2\/pages\/245071","targetHints":{"allow":["GET"]}}],"collection":[{"href":"https:\/\/belenshana.com\/en\/wp-json\/wp\/v2\/pages"}],"about":[{"href":"https:\/\/belenshana.com\/en\/wp-json\/wp\/v2\/types\/page"}],"author":[{"embeddable":true,"href":"https:\/\/belenshana.com\/en\/wp-json\/wp\/v2\/users\/7"}],"replies":[{"embeddable":true,"href":"https:\/\/belenshana.com\/en\/wp-json\/wp\/v2\/comments?post=245071"}],"version-history":[{"count":0,"href":"https:\/\/belenshana.com\/en\/wp-json\/wp\/v2\/pages\/245071\/revisions"}],"wp:attachment":[{"href":"https:\/\/belenshana.com\/en\/wp-json\/wp\/v2\/media?parent=245071"}],"curies":[{"name":"wp","href":"https:\/\/api.w.org\/{rel}","templated":true}]}}