{"id":245066,"date":"2024-02-29T20:09:09","date_gmt":"2024-02-29T19:09:09","guid":{"rendered":"https:\/\/belenshana.com\/?page_id=245066"},"modified":"2024-07-04T18:17:57","modified_gmt":"2024-07-04T17:17:57","slug":"danza-y-ensenanza","status":"publish","type":"page","link":"https:\/\/belenshana.com\/en\/dance-and-teaching\/","title":{"rendered":"Dance and Teaching"},"content":{"rendered":"\t\t<div data-elementor-type=\"wp-page\" data-elementor-id=\"245066\" class=\"elementor elementor-245066\" data-elementor-post-type=\"page\">\n\t\t\t\t<div class=\"elementor-element elementor-element-405b3d8 e-con-full e-flex e-con e-parent\" data-id=\"405b3d8\" data-element_type=\"container\" data-e-type=\"container\" data-settings=\"{&quot;background_background&quot;:&quot;classic&quot;}\">\n\t\t\t\t<div class=\"elementor-element elementor-element-e27a4a9 elementor-invisible elementor-widget elementor-widget-heading\" data-id=\"e27a4a9\" data-element_type=\"widget\" data-e-type=\"widget\" data-settings=\"{&quot;_animation&quot;:&quot;slideInRight&quot;}\" data-widget_type=\"heading.default\">\n\t\t\t\t<div class=\"elementor-widget-container\">\n\t\t\t\t\t<h2 class=\"elementor-heading-title elementor-size-default\">DANZA Y ENSE\u00d1ANZA<\/h2>\t\t\t\t<\/div>\n\t\t\t\t<\/div>\n\t\t\t\t<div class=\"elementor-element elementor-element-a3a6456 elementor-widget__width-initial elementor-widget-mobile__width-initial elementor-widget elementor-widget-text-editor\" data-id=\"a3a6456\" data-element_type=\"widget\" data-e-type=\"widget\" data-widget_type=\"text-editor.default\">\n\t\t\t\t<div class=\"elementor-widget-container\">\n\t\t\t\t\t\t\t\t\t<p>Yo quer\u00eda volar, hacer un arte elevado, unirme a los astros y a los dioses con mi danza, con la interpretaci\u00f3n\u2026<\/p>\t\t\t\t\t\t\t\t<\/div>\n\t\t\t\t<\/div>\n\t\t\t\t<\/div>\n\t\t<div class=\"elementor-element elementor-element-21d4380 e-con-full e-flex e-con e-parent\" data-id=\"21d4380\" data-element_type=\"container\" data-e-type=\"container\" data-settings=\"{&quot;background_background&quot;:&quot;classic&quot;}\">\n\t\t<div class=\"elementor-element elementor-element-5e2cfd1 e-con-full e-flex e-con e-child\" data-id=\"5e2cfd1\" data-element_type=\"container\" data-e-type=\"container\" data-settings=\"{&quot;background_background&quot;:&quot;classic&quot;}\">\n\t\t\t\t<div class=\"elementor-element elementor-element-ab93cbe elementor-widget__width-initial elementor-widget-mobile__width-initial elementor-widget elementor-widget-text-editor\" data-id=\"ab93cbe\" data-element_type=\"widget\" data-e-type=\"widget\" data-widget_type=\"text-editor.default\">\n\t\t\t\t<div class=\"elementor-widget-container\">\n\t\t\t\t\t\t\t\t\t<p>Pero la vida me tra\u00eda constantemente quehaceres terrenales, vida pr\u00e1ctica y problemas personales que me obligaban a permanecer en otras cosas y me hund\u00edan en la tierra.<\/p><p>\u00a0<\/p><p>\u00a1Cu\u00e1nto tengo que agradecer a todo esto! Con cada frustraci\u00f3n (que han sido muchas) mi danza cambiaba, se hac\u00eda m\u00e1s humana. Con cada nuevo tiempo de espera (que han sido muchos) mi disfrute de la danza era m\u00e1s fogoso.<\/p>\t\t\t\t\t\t\t\t<\/div>\n\t\t\t\t<\/div>\n\t\t\t\t<\/div>\n\t\t\t\t<\/div>\n\t\t<div class=\"elementor-element elementor-element-917e759 e-flex e-con-boxed e-con e-parent\" data-id=\"917e759\" data-element_type=\"container\" data-e-type=\"container\" data-settings=\"{&quot;background_background&quot;:&quot;classic&quot;}\">\n\t\t\t\t\t<div class=\"e-con-inner\">\n\t\t\t\t<div class=\"elementor-element elementor-element-59cfcec elementor-widget__width-initial elementor-widget-mobile__width-initial elementor-invisible elementor-widget elementor-widget-heading\" data-id=\"59cfcec\" data-element_type=\"widget\" data-e-type=\"widget\" data-settings=\"{&quot;_animation&quot;:&quot;slideInRight&quot;}\" data-widget_type=\"heading.default\">\n\t\t\t\t<div class=\"elementor-widget-container\">\n\t\t\t\t\t<h2 class=\"elementor-heading-title elementor-size-default\">Ahora, con todo el paso de tantos a\u00f1os de entrega al arte, siento que tengo que ofrecer, al que le interese y quiera escuchar, mi aprendizaje m\u00e1s \u00edntimo y sincero. Solo siento que tengo que entregar, sin tapujos:\nSilence Dance<\/h2>\t\t\t\t<\/div>\n\t\t\t\t<\/div>\n\t\t\t\t\t<\/div>\n\t\t\t\t<\/div>\n\t\t<div class=\"elementor-element elementor-element-913f7b8 e-flex e-con-boxed e-con e-parent\" data-id=\"913f7b8\" data-element_type=\"container\" data-e-type=\"container\" data-settings=\"{&quot;background_background&quot;:&quot;classic&quot;}\">\n\t\t\t\t\t<div class=\"e-con-inner\">\n\t\t<div class=\"elementor-element elementor-element-3dedd3d e-con-full e-flex e-con e-child\" data-id=\"3dedd3d\" data-element_type=\"container\" data-e-type=\"container\">\n\t\t\t\t<div class=\"elementor-element elementor-element-abde7ea elementor-widget elementor-widget-text-editor\" data-id=\"abde7ea\" data-element_type=\"widget\" data-e-type=\"widget\" data-widget_type=\"text-editor.default\">\n\t\t\t\t<div class=\"elementor-widget-container\">\n\t\t\t\t\t\t\t\t\t<p>\u00bfQuieres hacernos una consulta?<\/p>\t\t\t\t\t\t\t\t<\/div>\n\t\t\t\t<\/div>\n\t\t\t\t<div class=\"elementor-element elementor-element-14d90df elementor-widget elementor-widget-text-editor\" data-id=\"14d90df\" data-element_type=\"widget\" data-e-type=\"widget\" data-widget_type=\"text-editor.default\">\n\t\t\t\t<div class=\"elementor-widget-container\">\n\t\t\t\t\t\t\t\t\t<p><span style=\"font-weight: 400;\">Gracias por confiar en mi m\u00e9todo y atr\u00e9vete a dar el salto. La llave es la humildad y la confianza.<\/span><\/p>\t\t\t\t\t\t\t\t<\/div>\n\t\t\t\t<\/div>\n\t\t\t\t<\/div>\n\t\t<div class=\"elementor-element elementor-element-7e3825a e-con-full e-flex e-con e-child\" data-id=\"7e3825a\" data-element_type=\"container\" data-e-type=\"container\">\n\t\t\t\t<div class=\"elementor-element elementor-element-c289cb1 elementor-button-align-end elementor-widget elementor-widget-form\" data-id=\"c289cb1\" data-element_type=\"widget\" data-e-type=\"widget\" data-settings=\"{&quot;step_next_label&quot;:&quot;Next&quot;,&quot;step_previous_label&quot;:&quot;Previous&quot;,&quot;button_width&quot;:&quot;100&quot;,&quot;step_type&quot;:&quot;number_text&quot;,&quot;step_icon_shape&quot;:&quot;circle&quot;}\" data-widget_type=\"form.default\">\n\t\t\t\t<div class=\"elementor-widget-container\">\n\t\t\t\t\t\t\t<form class=\"elementor-form\" method=\"post\" name=\"New Form\" aria-label=\"New Form\">\n\t\t\t<input type=\"hidden\" name=\"post_id\" value=\"245066\"\/>\n\t\t\t<input type=\"hidden\" name=\"form_id\" value=\"c289cb1\"\/>\n\t\t\t<input type=\"hidden\" name=\"referer_title\" value=\"Bel\u00e9n Shana Academy\" \/>\n\n\t\t\t\n\t\t\t<div class=\"elementor-form-fields-wrapper elementor-labels-above\">\n\t\t\t\t\t\t\t\t<div class=\"elementor-field-type-text elementor-field-group elementor-column elementor-field-group-name elementor-col-50\">\n\t\t\t\t\t\t\t\t\t\t\t\t\t<input size=\"1\" type=\"text\" name=\"form_fields[name]\" id=\"form-field-name\" class=\"elementor-field elementor-size-sm  elementor-field-textual\" placeholder=\"Nombre\">\n\t\t\t\t\t\t\t\t\t\t\t<\/div>\n\t\t\t\t\t\t\t\t<div class=\"elementor-field-type-number elementor-field-group elementor-column elementor-field-group-field_bc0ea4e elementor-col-50\">\n\t\t\t\t\t\t\t\t<input type=\"number\" name=\"form_fields[field_bc0ea4e]\" id=\"form-field-field_bc0ea4e\" class=\"elementor-field elementor-size-sm  elementor-field-textual\" placeholder=\"Tel\u00e9fono\" min=\"\" max=\"\" >\n\t\t\t\t\t\t<\/div>\n\t\t\t\t\t\t\t\t<div class=\"elementor-field-type-email elementor-field-group elementor-column elementor-field-group-email elementor-col-50 elementor-field-required\">\n\t\t\t\t\t\t\t\t\t\t\t\t\t<input size=\"1\" type=\"email\" name=\"form_fields[email]\" id=\"form-field-email\" class=\"elementor-field elementor-size-sm  elementor-field-textual\" placeholder=\"Correo Electr\u00f3nico \" required=\"required\">\n\t\t\t\t\t\t\t\t\t\t\t<\/div>\n\t\t\t\t\t\t\t\t<div class=\"elementor-field-type-text elementor-field-group elementor-column elementor-field-group-field_b92ae39 elementor-col-50 elementor-field-required\">\n\t\t\t\t\t\t\t\t\t\t\t\t\t<input size=\"1\" type=\"text\" name=\"form_fields[field_b92ae39]\" id=\"form-field-field_b92ae39\" class=\"elementor-field elementor-size-sm  elementor-field-textual\" placeholder=\"Asunto\" required=\"required\">\n\t\t\t\t\t\t\t\t\t\t\t<\/div>\n\t\t\t\t\t\t\t\t<div class=\"elementor-field-type-textarea elementor-field-group elementor-column elementor-field-group-message elementor-col-100\">\n\t\t\t\t\t<textarea class=\"elementor-field-textual elementor-field  elementor-size-sm\" name=\"form_fields[message]\" id=\"form-field-message\" rows=\"4\" placeholder=\"Mensaje\"><\/textarea>\t\t\t\t<\/div>\n\t\t\t\t\t\t\t\t<div class=\"elementor-field-group elementor-column elementor-field-type-submit elementor-col-100 e-form__buttons\">\n\t\t\t\t\t<button class=\"elementor-button elementor-size-sm\" type=\"submit\">\n\t\t\t\t\t\t<span class=\"elementor-button-content-wrapper\">\n\t\t\t\t\t\t\t\t\t\t\t\t\t\t\t<span class=\"elementor-button-icon\">\n\t\t\t\t\t\t\t\t\t<svg aria-hidden=\"true\" class=\"e-font-icon-svg e-far-paper-plane\" viewBox=\"0 0 512 512\" xmlns=\"http:\/\/www.w3.org\/2000\/svg\"><path d=\"M440 6.5L24 246.4c-34.4 19.9-31.1 70.8 5.7 85.9L144 379.6V464c0 46.4 59.2 65.5 86.6 28.6l43.8-59.1 111.9 46.2c5.9 2.4 12.1 3.6 18.3 3.6 8.2 0 16.3-2.1 23.6-6.2 12.8-7.2 21.6-20 23.9-34.5l59.4-387.2c6.1-40.1-36.9-68.8-71.5-48.9zM192 464v-64.6l36.6 15.1L192 464zm212.6-28.7l-153.8-63.5L391 169.5c10.7-15.5-9.5-33.5-23.7-21.2L155.8 332.6 48 288 464 48l-59.4 387.3z\"><\/path><\/svg>\t\t\t\t\t\t\t\t\t\t\t\t\t\t\t\t\t<\/span>\n\t\t\t\t\t\t\t\t\t\t\t\t\t\t\t\t\t\t\t\t\t\t<span class=\"elementor-button-text\">Enviar<\/span>\n\t\t\t\t\t\t\t\t\t\t\t\t\t<\/span>\n\t\t\t\t\t<\/button>\n\t\t\t\t<\/div>\n\t\t\t<\/div>\n\t\t<\/form>\n\t\t\t\t\t\t<\/div>\n\t\t\t\t<\/div>\n\t\t\t\t<\/div>\n\t\t\t\t\t<\/div>\n\t\t\t\t<\/div>\n\t\t\t\t<\/div>\n\t\t","protected":false},"excerpt":{"rendered":"<p>DANZA Y ENSE\u00d1ANZA Yo quer\u00eda volar, hacer un arte elevado, unirme a los astros y a los dioses con mi danza, con la interpretaci\u00f3n\u2026 Pero la vida me tra\u00eda constantemente quehaceres terrenales, vida pr\u00e1ctica y problemas personales que me obligaban a permanecer en otras cosas y me hund\u00edan en la tierra. \u00a0 \u00a1Cu\u00e1nto tengo que [&hellip;]<\/p>\n","protected":false},"author":7,"featured_media":0,"parent":0,"menu_order":0,"comment_status":"closed","ping_status":"closed","template":"","meta":{"site-sidebar-layout":"no-sidebar","site-content-layout":"page-builder","ast-site-content-layout":"full-width-container","site-content-style":"unboxed","site-sidebar-style":"unboxed","ast-global-header-display":"","ast-banner-title-visibility":"","ast-main-header-display":"","ast-hfb-above-header-display":"","ast-hfb-below-header-display":"","ast-hfb-mobile-header-display":"","site-post-title":"disabled","ast-breadcrumbs-content":"","ast-featured-img":"disabled","footer-sml-layout":"","ast-disable-related-posts":"","theme-transparent-header-meta":"enabled","adv-header-id-meta":"","stick-header-meta":"","header-above-stick-meta":"","header-main-stick-meta":"","header-below-stick-meta":"","astra-migrate-meta-layouts":"set","ast-page-background-enabled":"default","ast-page-background-meta":{"desktop":{"background-color":"var(--ast-global-color-4)","background-image":"","background-repeat":"repeat","background-position":"center center","background-size":"auto","background-attachment":"scroll","background-type":"","background-media":"","overlay-type":"","overlay-color":"","overlay-opacity":"","overlay-gradient":""},"tablet":{"background-color":"","background-image":"","background-repeat":"repeat","background-position":"center center","background-size":"auto","background-attachment":"scroll","background-type":"","background-media":"","overlay-type":"","overlay-color":"","overlay-opacity":"","overlay-gradient":""},"mobile":{"background-color":"","background-image":"","background-repeat":"repeat","background-position":"center center","background-size":"auto","background-attachment":"scroll","background-type":"","background-media":"","overlay-type":"","overlay-color":"","overlay-opacity":"","overlay-gradient":""}},"ast-content-background-meta":{"desktop":{"background-color":"var(--ast-global-color-5)","background-image":"","background-repeat":"repeat","background-position":"center center","background-size":"auto","background-attachment":"scroll","background-type":"","background-media":"","overlay-type":"","overlay-color":"","overlay-opacity":"","overlay-gradient":""},"tablet":{"background-color":"var(--ast-global-color-5)","background-image":"","background-repeat":"repeat","background-position":"center center","background-size":"auto","background-attachment":"scroll","background-type":"","background-media":"","overlay-type":"","overlay-color":"","overlay-opacity":"","overlay-gradient":""},"mobile":{"background-color":"var(--ast-global-color-5)","background-image":"","background-repeat":"repeat","background-position":"center center","background-size":"auto","background-attachment":"scroll","background-type":"","background-media":"","overlay-type":"","overlay-color":"","overlay-opacity":"","overlay-gradient":""}},"_joinchat":[],"footnotes":""},"class_list":["post-245066","page","type-page","status-publish","hentry"],"yoast_head":"<!-- This site is optimized with the Yoast SEO plugin v27.4 - https:\/\/yoast.com\/product\/yoast-seo-wordpress\/ -->\n<title>Danza y Ense\u00f1anza | Bel\u00e9n Shana<\/title>\n<meta name=\"description\" content=\"Te ense\u00f1o a volar, hacer un arte elevado, unirte a los astros y a los dioses con mi danza, con la interpretaci\u00f3n\u2026\" \/>\n<meta name=\"robots\" content=\"index, follow, max-snippet:-1, max-image-preview:large, max-video-preview:-1\" \/>\n<link rel=\"canonical\" href=\"https:\/\/belenshana.com\/en\/dance-and-teaching\/\" \/>\n<meta property=\"og:locale\" content=\"en_GB\" \/>\n<meta property=\"og:type\" content=\"article\" \/>\n<meta property=\"og:title\" content=\"Danza y Ense\u00f1anza | Bel\u00e9n Shana\" \/>\n<meta property=\"og:description\" content=\"Te ense\u00f1o a volar, hacer un arte elevado, unirte a los astros y a los dioses con mi danza, con la interpretaci\u00f3n\u2026\" \/>\n<meta property=\"og:url\" content=\"https:\/\/belenshana.com\/en\/dance-and-teaching\/\" \/>\n<meta property=\"og:site_name\" content=\"Bel\u00e9n Shana Academy\" \/>\n<meta property=\"article:modified_time\" content=\"2024-07-04T17:17:57+00:00\" \/>\n<meta property=\"og:image\" content=\"https:\/\/belenshana.com\/wp-content\/uploads\/2024\/06\/Diseno-sin-titulo-1.png\" \/>\n\t<meta property=\"og:image:width\" content=\"500\" \/>\n\t<meta property=\"og:image:height\" content=\"500\" \/>\n\t<meta property=\"og:image:type\" content=\"image\/png\" \/>\n<meta name=\"twitter:card\" content=\"summary_large_image\" \/>\n<meta name=\"twitter:label1\" content=\"Estimated reading time\" \/>\n\t<meta name=\"twitter:data1\" content=\"1 minute\" \/>\n<script type=\"application\/ld+json\" class=\"yoast-schema-graph\">{\"@context\":\"https:\\\/\\\/schema.org\",\"@graph\":[{\"@type\":[\"WebPage\",\"AboutPage\"],\"@id\":\"https:\\\/\\\/belenshana.com\\\/danza-y-ensenanza\\\/\",\"url\":\"https:\\\/\\\/belenshana.com\\\/danza-y-ensenanza\\\/\",\"name\":\"Danza y Ense\u00f1anza | Bel\u00e9n Shana\",\"isPartOf\":{\"@id\":\"https:\\\/\\\/belenshana.com\\\/#website\"},\"datePublished\":\"2024-02-29T19:09:09+00:00\",\"dateModified\":\"2024-07-04T17:17:57+00:00\",\"description\":\"Te ense\u00f1o a volar, hacer un arte elevado, unirte a los astros y a los dioses con mi danza, con la interpretaci\u00f3n\u2026\",\"breadcrumb\":{\"@id\":\"https:\\\/\\\/belenshana.com\\\/danza-y-ensenanza\\\/#breadcrumb\"},\"inLanguage\":\"en-GB\",\"potentialAction\":[{\"@type\":\"ReadAction\",\"target\":[\"https:\\\/\\\/belenshana.com\\\/danza-y-ensenanza\\\/\"]}]},{\"@type\":\"BreadcrumbList\",\"@id\":\"https:\\\/\\\/belenshana.com\\\/danza-y-ensenanza\\\/#breadcrumb\",\"itemListElement\":[{\"@type\":\"ListItem\",\"position\":1,\"name\":\"Portada\",\"item\":\"https:\\\/\\\/belenshana.com\\\/\"},{\"@type\":\"ListItem\",\"position\":2,\"name\":\"Danza y Ense\u00f1anza\"}]},{\"@type\":\"WebSite\",\"@id\":\"https:\\\/\\\/belenshana.com\\\/#website\",\"url\":\"https:\\\/\\\/belenshana.com\\\/\",\"name\":\"Bel\u00e9n Shana Academy\",\"description\":\"Academia online Danza y espiritualidad\",\"publisher\":{\"@id\":\"https:\\\/\\\/belenshana.com\\\/#\\\/schema\\\/person\\\/a3b79653d3b78e1384b9016606bcae09\"},\"alternateName\":\"BS\",\"potentialAction\":[{\"@type\":\"SearchAction\",\"target\":{\"@type\":\"EntryPoint\",\"urlTemplate\":\"https:\\\/\\\/belenshana.com\\\/?s={search_term_string}\"},\"query-input\":{\"@type\":\"PropertyValueSpecification\",\"valueRequired\":true,\"valueName\":\"search_term_string\"}}],\"inLanguage\":\"en-GB\"},{\"@type\":[\"Person\",\"Organization\"],\"@id\":\"https:\\\/\\\/belenshana.com\\\/#\\\/schema\\\/person\\\/a3b79653d3b78e1384b9016606bcae09\",\"name\":\"Admin\",\"image\":{\"@type\":\"ImageObject\",\"inLanguage\":\"en-GB\",\"@id\":\"https:\\\/\\\/belenshana.com\\\/wp-content\\\/uploads\\\/2024\\\/06\\\/Diseno-sin-titulo-1.png\",\"url\":\"https:\\\/\\\/belenshana.com\\\/wp-content\\\/uploads\\\/2024\\\/06\\\/Diseno-sin-titulo-1.png\",\"contentUrl\":\"https:\\\/\\\/belenshana.com\\\/wp-content\\\/uploads\\\/2024\\\/06\\\/Diseno-sin-titulo-1.png\",\"width\":500,\"height\":500,\"caption\":\"Admin\"},\"logo\":{\"@id\":\"https:\\\/\\\/belenshana.com\\\/wp-content\\\/uploads\\\/2024\\\/06\\\/Diseno-sin-titulo-1.png\"}}]}<\/script>\n<!-- \/ Yoast SEO plugin. -->","yoast_head_json":{"title":"Dance and Teaching | Bel\u00e9n Shana","description":"I teach you to fly, to make a high art, to join the stars and the gods with my dance, with the interpretation...","robots":{"index":"index","follow":"follow","max-snippet":"max-snippet:-1","max-image-preview":"max-image-preview:large","max-video-preview":"max-video-preview:-1"},"canonical":"https:\/\/belenshana.com\/en\/dance-and-teaching\/","og_locale":"en_GB","og_type":"article","og_title":"Danza y Ense\u00f1anza | Bel\u00e9n Shana","og_description":"Te ense\u00f1o a volar, hacer un arte elevado, unirte a los astros y a los dioses con mi danza, con la interpretaci\u00f3n\u2026","og_url":"https:\/\/belenshana.com\/en\/dance-and-teaching\/","og_site_name":"Bel\u00e9n Shana Academy","article_modified_time":"2024-07-04T17:17:57+00:00","og_image":[{"width":500,"height":500,"url":"https:\/\/belenshana.com\/wp-content\/uploads\/2024\/06\/Diseno-sin-titulo-1.png","type":"image\/png"}],"twitter_card":"summary_large_image","twitter_misc":{"Estimated reading time":"1 minute"},"schema":{"@context":"https:\/\/schema.org","@graph":[{"@type":["WebPage","AboutPage"],"@id":"https:\/\/belenshana.com\/danza-y-ensenanza\/","url":"https:\/\/belenshana.com\/danza-y-ensenanza\/","name":"Dance and Teaching | Bel\u00e9n Shana","isPartOf":{"@id":"https:\/\/belenshana.com\/#website"},"datePublished":"2024-02-29T19:09:09+00:00","dateModified":"2024-07-04T17:17:57+00:00","description":"I teach you to fly, to make a high art, to join the stars and the gods with my dance, with the interpretation...","breadcrumb":{"@id":"https:\/\/belenshana.com\/danza-y-ensenanza\/#breadcrumb"},"inLanguage":"en-GB","potentialAction":[{"@type":"ReadAction","target":["https:\/\/belenshana.com\/danza-y-ensenanza\/"]}]},{"@type":"BreadcrumbList","@id":"https:\/\/belenshana.com\/danza-y-ensenanza\/#breadcrumb","itemListElement":[{"@type":"ListItem","position":1,"name":"Portada","item":"https:\/\/belenshana.com\/"},{"@type":"ListItem","position":2,"name":"Danza y Ense\u00f1anza"}]},{"@type":"WebSite","@id":"https:\/\/belenshana.com\/#website","url":"https:\/\/belenshana.com\/","name":"Bethlehem Shana Academy","description":"Online Academy Dance and Spirituality","publisher":{"@id":"https:\/\/belenshana.com\/#\/schema\/person\/a3b79653d3b78e1384b9016606bcae09"},"alternateName":"BS","potentialAction":[{"@type":"SearchAction","target":{"@type":"EntryPoint","urlTemplate":"https:\/\/belenshana.com\/?s={search_term_string}"},"query-input":{"@type":"PropertyValueSpecification","valueRequired":true,"valueName":"search_term_string"}}],"inLanguage":"en-GB"},{"@type":["Person","Organization"],"@id":"https:\/\/belenshana.com\/#\/schema\/person\/a3b79653d3b78e1384b9016606bcae09","name":"Admin","image":{"@type":"ImageObject","inLanguage":"en-GB","@id":"https:\/\/belenshana.com\/wp-content\/uploads\/2024\/06\/Diseno-sin-titulo-1.png","url":"https:\/\/belenshana.com\/wp-content\/uploads\/2024\/06\/Diseno-sin-titulo-1.png","contentUrl":"https:\/\/belenshana.com\/wp-content\/uploads\/2024\/06\/Diseno-sin-titulo-1.png","width":500,"height":500,"caption":"Admin"},"logo":{"@id":"https:\/\/belenshana.com\/wp-content\/uploads\/2024\/06\/Diseno-sin-titulo-1.png"}}]}},"_links":{"self":[{"href":"https:\/\/belenshana.com\/en\/wp-json\/wp\/v2\/pages\/245066","targetHints":{"allow":["GET"]}}],"collection":[{"href":"https:\/\/belenshana.com\/en\/wp-json\/wp\/v2\/pages"}],"about":[{"href":"https:\/\/belenshana.com\/en\/wp-json\/wp\/v2\/types\/page"}],"author":[{"embeddable":true,"href":"https:\/\/belenshana.com\/en\/wp-json\/wp\/v2\/users\/7"}],"replies":[{"embeddable":true,"href":"https:\/\/belenshana.com\/en\/wp-json\/wp\/v2\/comments?post=245066"}],"version-history":[{"count":1,"href":"https:\/\/belenshana.com\/en\/wp-json\/wp\/v2\/pages\/245066\/revisions"}],"predecessor-version":[{"id":246208,"href":"https:\/\/belenshana.com\/en\/wp-json\/wp\/v2\/pages\/245066\/revisions\/246208"}],"wp:attachment":[{"href":"https:\/\/belenshana.com\/en\/wp-json\/wp\/v2\/media?parent=245066"}],"curies":[{"name":"wp","href":"https:\/\/api.w.org\/{rel}","templated":true}]}}