{"id":245017,"date":"2024-02-29T19:09:49","date_gmt":"2024-02-29T18:09:49","guid":{"rendered":"https:\/\/belenshana.com\/?page_id=245017"},"modified":"2024-07-04T18:15:46","modified_gmt":"2024-07-04T17:15:46","slug":"mis-inicios","status":"publish","type":"page","link":"https:\/\/belenshana.com\/en\/my-beginnings\/","title":{"rendered":"My Beginnings"},"content":{"rendered":"<div data-elementor-type=\"wp-page\" data-elementor-id=\"245017\" class=\"elementor elementor-245017\" data-elementor-post-type=\"page\">\n\t\t\t\t<div class=\"elementor-element elementor-element-405b3d8 e-con-full e-flex e-con e-parent\" data-id=\"405b3d8\" data-element_type=\"container\" data-e-type=\"container\" data-settings=\"{&quot;background_background&quot;:&quot;video&quot;,&quot;background_play_on_mobile&quot;:&quot;yes&quot;,&quot;background_video_link&quot;:&quot;https:\\\/\\\/belenshana.com\\\/wp-content\\\/uploads\\\/2024\\\/04\\\/Belen-Shana-MIS-INICIOS-video-1.mp4&quot;,&quot;background_video_start&quot;:0}\">\n\t\t<div class=\"elementor-background-video-container\">\n\t\t\t\t\t\t\t<video class=\"elementor-background-video-hosted\" role=\"presentation\" autoplay muted playsinline loop><\/video>\n\t\t\t\t\t<\/div>\t\t<div class=\"elementor-element elementor-element-e27a4a9 elementor-invisible elementor-widget elementor-widget-heading\" data-id=\"e27a4a9\" data-element_type=\"widget\" data-e-type=\"widget\" data-settings=\"{&quot;_animation&quot;:&quot;slideInRight&quot;}\" data-widget_type=\"heading.default\">\n\t\t\t\t<div class=\"elementor-widget-container\">\n\t\t\t\t\t<h2 class=\"elementor-heading-title elementor-size-default\">MY BEGINNINGS<\/h2>\t\t\t\t<\/div>\n\t\t\t\t<\/div>\n\t\t\t\t<div class=\"elementor-element elementor-element-a3a6456 elementor-widget__width-initial elementor-widget-mobile__width-initial elementor-widget elementor-widget-text-editor\" data-id=\"a3a6456\" data-element_type=\"widget\" data-e-type=\"widget\" data-widget_type=\"text-editor.default\">\n\t\t\t\t<div class=\"elementor-widget-container\">\n\t\t\t\t\t\t\t\t\t<p><strong>Since I was a child, when I lay down to sleep, I imagined my body expanding to the farthest galaxies.<\/strong><\/p>\t\t\t\t\t\t\t\t<\/div>\n\t\t\t\t<\/div>\n\t\t\t\t<\/div>\n\t\t<div class=\"elementor-element elementor-element-21d4380 e-con-full e-flex e-con e-parent\" data-id=\"21d4380\" data-element_type=\"container\" data-e-type=\"container\" data-settings=\"{&quot;background_background&quot;:&quot;classic&quot;}\">\n\t\t<div class=\"elementor-element elementor-element-5e2cfd1 e-con-full e-flex e-con e-child\" data-id=\"5e2cfd1\" data-element_type=\"container\" data-e-type=\"container\" data-settings=\"{&quot;background_background&quot;:&quot;classic&quot;}\">\n\t\t\t\t<div class=\"elementor-element elementor-element-ab93cbe elementor-widget__width-initial elementor-widget-mobile__width-initial elementor-widget elementor-widget-text-editor\" data-id=\"ab93cbe\" data-element_type=\"widget\" data-e-type=\"widget\" data-widget_type=\"text-editor.default\">\n\t\t\t\t<div class=\"elementor-widget-container\">\n\t\t\t\t\t\t\t\t\t<p>I experienced various possibilities of artistic expression, for me they were all the same. I remember when I made spontaneous dance performances for my schoolmates, there was always a friend ready to embark on those adventures... And a wonderful teacher, Javier, who let me do it (how grateful I am to this teacher for everything he taught us).<\/p>\t\t\t\t\t\t\t\t<\/div>\n\t\t\t\t<\/div>\n\t\t\t\t<\/div>\n\t\t\t\t<\/div>\n\t\t<div class=\"elementor-element elementor-element-3e7eb06 e-con-full e-flex e-con e-parent\" data-id=\"3e7eb06\" data-element_type=\"container\" data-e-type=\"container\" data-settings=\"{&quot;background_background&quot;:&quot;classic&quot;}\">\n\t\t<div class=\"elementor-element elementor-element-af5b71d e-con-full e-flex elementor-invisible e-con e-child\" data-id=\"af5b71d\" data-element_type=\"container\" data-e-type=\"container\" data-settings=\"{&quot;animation&quot;:&quot;fadeInLeft&quot;}\">\n\t\t\t\t<\/div>\n\t\t<div class=\"elementor-element elementor-element-0512891 e-con-full e-flex elementor-invisible e-con e-child\" data-id=\"0512891\" data-element_type=\"container\" data-e-type=\"container\" data-settings=\"{&quot;animation&quot;:&quot;fadeInLeft&quot;}\">\n\t\t\t\t<div class=\"elementor-element elementor-element-241b3b7 elementor-widget__width-initial elementor-widget-mobile__width-initial elementor-widget elementor-widget-text-editor\" data-id=\"241b3b7\" data-element_type=\"widget\" data-e-type=\"widget\" data-widget_type=\"text-editor.default\">\n\t\t\t\t<div class=\"elementor-widget-container\">\n\t\t\t\t\t\t\t\t\t<p>Ever since I did rhythmic gymnastics, I remember the effort, the discipline, without that component my life would have been different, less good.<\/p><p>\u00a0<\/p><p>I spent many years studying, glued to books, always with the motivation to know. I studied philosophy because I wanted to \"know the truth\" and, at the same time, I studied dance and theatre. For me, it was all the same, I have never felt the barrier that separates one knowledge from another, knowledge, art, now I understand that all fields of knowledge have always been linked.<\/p><p>\u00a0<\/p><p>What is veiled, what is hidden, what we intuit is what I have always found most interesting in art and in people. But these times lead us to show what we are through technology.<\/p>\t\t\t\t\t\t\t\t<\/div>\n\t\t\t\t<\/div>\n\t\t\t\t<\/div>\n\t\t\t\t<\/div>\n\t\t<div class=\"elementor-element elementor-element-8c9cca3 e-flex e-con-boxed e-con e-parent\" data-id=\"8c9cca3\" data-element_type=\"container\" data-e-type=\"container\" data-settings=\"{&quot;background_background&quot;:&quot;classic&quot;}\">\n\t\t\t\t\t<div class=\"e-con-inner\">\n\t\t<div class=\"elementor-element elementor-element-d86ec24 e-con-full e-flex e-con e-child\" data-id=\"d86ec24\" data-element_type=\"container\" data-e-type=\"container\" data-settings=\"{&quot;background_background&quot;:&quot;classic&quot;}\">\n\t\t\t\t<div class=\"elementor-element elementor-element-59cfcec elementor-widget__width-initial elementor-widget-mobile__width-initial elementor-invisible elementor-widget elementor-widget-heading\" data-id=\"59cfcec\" data-element_type=\"widget\" data-e-type=\"widget\" data-settings=\"{&quot;_animation&quot;:&quot;slideInRight&quot;}\" data-widget_type=\"heading.default\">\n\t\t\t\t<div class=\"elementor-widget-container\">\n\t\t\t\t\t<h2 class=\"elementor-heading-title elementor-size-default\">I want you to get to know me so that I can share the most subtle details that occur in dance, beyond stages, fashions and egos. Dance as an act of surrender, knowledge and deep love.<\/h2>\t\t\t\t<\/div>\n\t\t\t\t<\/div>\n\t\t\t\t<\/div>\n\t\t<div class=\"elementor-element elementor-element-026ddca e-con-full e-flex e-con e-child\" data-id=\"026ddca\" data-element_type=\"container\" data-e-type=\"container\" data-settings=\"{&quot;background_background&quot;:&quot;classic&quot;}\">\n\t\t\t\t<\/div>\n\t\t\t\t\t<\/div>\n\t\t\t\t<\/div>\n\t\t\t\t<\/div>","protected":false},"excerpt":{"rendered":"<p>MIS INICIOS Desde ni\u00f1a, cuando me tumbaba para dormir, imaginaba mi cuerpo expandi\u00e9ndose hasta las m\u00e1s lejanas galaxias. Viv\u00eda varias posibilidades de expresi\u00f3n art\u00edstica, para m\u00ed todas eran lo mismo. Recuerdo cuando hac\u00eda espont\u00e1neas representaciones de danza a mis compa\u00f1eros de colegio, siempre hab\u00eda una amiga dispuestas a embarcarse en esas aventuras\u2026 Y un maravilloso [&hellip;]<\/p>\n","protected":false},"author":7,"featured_media":0,"parent":0,"menu_order":0,"comment_status":"closed","ping_status":"closed","template":"","meta":{"site-sidebar-layout":"no-sidebar","site-content-layout":"page-builder","ast-site-content-layout":"full-width-container","site-content-style":"unboxed","site-sidebar-style":"unboxed","ast-global-header-display":"","ast-banner-title-visibility":"","ast-main-header-display":"","ast-hfb-above-header-display":"","ast-hfb-below-header-display":"","ast-hfb-mobile-header-display":"","site-post-title":"disabled","ast-breadcrumbs-content":"","ast-featured-img":"disabled","footer-sml-layout":"","ast-disable-related-posts":"","theme-transparent-header-meta":"enabled","adv-header-id-meta":"","stick-header-meta":"","header-above-stick-meta":"","header-main-stick-meta":"","header-below-stick-meta":"","astra-migrate-meta-layouts":"set","ast-page-background-enabled":"default","ast-page-background-meta":{"desktop":{"background-color":"var(--ast-global-color-4)","background-image":"","background-repeat":"repeat","background-position":"center center","background-size":"auto","background-attachment":"scroll","background-type":"","background-media":"","overlay-type":"","overlay-color":"","overlay-opacity":"","overlay-gradient":""},"tablet":{"background-color":"","background-image":"","background-repeat":"repeat","background-position":"center center","background-size":"auto","background-attachment":"scroll","background-type":"","background-media":"","overlay-type":"","overlay-color":"","overlay-opacity":"","overlay-gradient":""},"mobile":{"background-color":"","background-image":"","background-repeat":"repeat","background-position":"center center","background-size":"auto","background-attachment":"scroll","background-type":"","background-media":"","overlay-type":"","overlay-color":"","overlay-opacity":"","overlay-gradient":""}},"ast-content-background-meta":{"desktop":{"background-color":"var(--ast-global-color-5)","background-image":"","background-repeat":"repeat","background-position":"center center","background-size":"auto","background-attachment":"scroll","background-type":"","background-media":"","overlay-type":"","overlay-color":"","overlay-opacity":"","overlay-gradient":""},"tablet":{"background-color":"var(--ast-global-color-5)","background-image":"","background-repeat":"repeat","background-position":"center center","background-size":"auto","background-attachment":"scroll","background-type":"","background-media":"","overlay-type":"","overlay-color":"","overlay-opacity":"","overlay-gradient":""},"mobile":{"background-color":"var(--ast-global-color-5)","background-image":"","background-repeat":"repeat","background-position":"center center","background-size":"auto","background-attachment":"scroll","background-type":"","background-media":"","overlay-type":"","overlay-color":"","overlay-opacity":"","overlay-gradient":""}},"_joinchat":[],"footnotes":""},"class_list":["post-245017","page","type-page","status-publish","hentry"],"yoast_head":"<!-- This site is optimized with the Yoast SEO plugin v27.4 - https:\/\/yoast.com\/product\/yoast-seo-wordpress\/ -->\n<title>Mis inicios | Bel\u00e9n Shana<\/title>\n<meta name=\"description\" content=\"Desde ni\u00f1a, cuando me tumbaba para dormir, imaginaba mi cuerpo expandi\u00e9ndose hasta las m\u00e1s lejanas galaxias.C\u00f3noceme m\u00e1s...\" \/>\n<meta name=\"robots\" content=\"index, follow, max-snippet:-1, max-image-preview:large, max-video-preview:-1\" \/>\n<link rel=\"canonical\" href=\"https:\/\/belenshana.com\/en\/my-beginnings\/\" \/>\n<meta property=\"og:locale\" content=\"en_GB\" \/>\n<meta property=\"og:type\" content=\"article\" \/>\n<meta property=\"og:title\" content=\"Mis inicios | Bel\u00e9n Shana\" \/>\n<meta property=\"og:description\" content=\"Desde ni\u00f1a, cuando me tumbaba para dormir, imaginaba mi cuerpo expandi\u00e9ndose hasta las m\u00e1s lejanas galaxias.C\u00f3noceme m\u00e1s...\" \/>\n<meta property=\"og:url\" content=\"https:\/\/belenshana.com\/en\/my-beginnings\/\" \/>\n<meta property=\"og:site_name\" content=\"Bel\u00e9n Shana Academy\" \/>\n<meta property=\"article:modified_time\" content=\"2024-07-04T17:15:46+00:00\" \/>\n<meta property=\"og:image\" content=\"https:\/\/belenshana.com\/wp-content\/uploads\/2024\/06\/Diseno-sin-titulo-1.png\" \/>\n\t<meta property=\"og:image:width\" content=\"500\" \/>\n\t<meta property=\"og:image:height\" content=\"500\" \/>\n\t<meta property=\"og:image:type\" content=\"image\/png\" \/>\n<meta name=\"twitter:card\" content=\"summary_large_image\" \/>\n<meta name=\"twitter:label1\" content=\"Estimated reading time\" \/>\n\t<meta name=\"twitter:data1\" content=\"2 minutes\" \/>\n<script type=\"application\/ld+json\" class=\"yoast-schema-graph\">{\"@context\":\"https:\\\/\\\/schema.org\",\"@graph\":[{\"@type\":[\"WebPage\",\"AboutPage\"],\"@id\":\"https:\\\/\\\/belenshana.com\\\/mis-inicios\\\/\",\"url\":\"https:\\\/\\\/belenshana.com\\\/mis-inicios\\\/\",\"name\":\"Mis inicios | Bel\u00e9n Shana\",\"isPartOf\":{\"@id\":\"https:\\\/\\\/belenshana.com\\\/#website\"},\"datePublished\":\"2024-02-29T18:09:49+00:00\",\"dateModified\":\"2024-07-04T17:15:46+00:00\",\"description\":\"Desde ni\u00f1a, cuando me tumbaba para dormir, imaginaba mi cuerpo expandi\u00e9ndose hasta las m\u00e1s lejanas galaxias.C\u00f3noceme m\u00e1s...\",\"breadcrumb\":{\"@id\":\"https:\\\/\\\/belenshana.com\\\/mis-inicios\\\/#breadcrumb\"},\"inLanguage\":\"en-GB\",\"potentialAction\":[{\"@type\":\"ReadAction\",\"target\":[\"https:\\\/\\\/belenshana.com\\\/mis-inicios\\\/\"]}]},{\"@type\":\"BreadcrumbList\",\"@id\":\"https:\\\/\\\/belenshana.com\\\/mis-inicios\\\/#breadcrumb\",\"itemListElement\":[{\"@type\":\"ListItem\",\"position\":1,\"name\":\"Portada\",\"item\":\"https:\\\/\\\/belenshana.com\\\/\"},{\"@type\":\"ListItem\",\"position\":2,\"name\":\"Mis Inicios\"}]},{\"@type\":\"WebSite\",\"@id\":\"https:\\\/\\\/belenshana.com\\\/#website\",\"url\":\"https:\\\/\\\/belenshana.com\\\/\",\"name\":\"Bel\u00e9n Shana Academy\",\"description\":\"Academia online Danza y espiritualidad\",\"publisher\":{\"@id\":\"https:\\\/\\\/belenshana.com\\\/#\\\/schema\\\/person\\\/a3b79653d3b78e1384b9016606bcae09\"},\"alternateName\":\"BS\",\"potentialAction\":[{\"@type\":\"SearchAction\",\"target\":{\"@type\":\"EntryPoint\",\"urlTemplate\":\"https:\\\/\\\/belenshana.com\\\/?s={search_term_string}\"},\"query-input\":{\"@type\":\"PropertyValueSpecification\",\"valueRequired\":true,\"valueName\":\"search_term_string\"}}],\"inLanguage\":\"en-GB\"},{\"@type\":[\"Person\",\"Organization\"],\"@id\":\"https:\\\/\\\/belenshana.com\\\/#\\\/schema\\\/person\\\/a3b79653d3b78e1384b9016606bcae09\",\"name\":\"Admin\",\"image\":{\"@type\":\"ImageObject\",\"inLanguage\":\"en-GB\",\"@id\":\"https:\\\/\\\/belenshana.com\\\/wp-content\\\/uploads\\\/2024\\\/06\\\/Diseno-sin-titulo-1.png\",\"url\":\"https:\\\/\\\/belenshana.com\\\/wp-content\\\/uploads\\\/2024\\\/06\\\/Diseno-sin-titulo-1.png\",\"contentUrl\":\"https:\\\/\\\/belenshana.com\\\/wp-content\\\/uploads\\\/2024\\\/06\\\/Diseno-sin-titulo-1.png\",\"width\":500,\"height\":500,\"caption\":\"Admin\"},\"logo\":{\"@id\":\"https:\\\/\\\/belenshana.com\\\/wp-content\\\/uploads\\\/2024\\\/06\\\/Diseno-sin-titulo-1.png\"}}]}<\/script>\n<!-- \/ Yoast SEO plugin. -->","yoast_head_json":{"title":"My beginnings : Bel\u00e9n Shana","description":"Since I was a child, when I lay down to sleep, I imagined my body expanding to the farthest galaxies... Know me more...","robots":{"index":"index","follow":"follow","max-snippet":"max-snippet:-1","max-image-preview":"max-image-preview:large","max-video-preview":"max-video-preview:-1"},"canonical":"https:\/\/belenshana.com\/en\/my-beginnings\/","og_locale":"en_GB","og_type":"article","og_title":"Mis inicios | Bel\u00e9n Shana","og_description":"Desde ni\u00f1a, cuando me tumbaba para dormir, imaginaba mi cuerpo expandi\u00e9ndose hasta las m\u00e1s lejanas galaxias.C\u00f3noceme m\u00e1s...","og_url":"https:\/\/belenshana.com\/en\/my-beginnings\/","og_site_name":"Bel\u00e9n Shana Academy","article_modified_time":"2024-07-04T17:15:46+00:00","og_image":[{"width":500,"height":500,"url":"https:\/\/belenshana.com\/wp-content\/uploads\/2024\/06\/Diseno-sin-titulo-1.png","type":"image\/png"}],"twitter_card":"summary_large_image","twitter_misc":{"Estimated reading time":"2 minutes"},"schema":{"@context":"https:\/\/schema.org","@graph":[{"@type":["WebPage","AboutPage"],"@id":"https:\/\/belenshana.com\/mis-inicios\/","url":"https:\/\/belenshana.com\/mis-inicios\/","name":"My beginnings : Bel\u00e9n Shana","isPartOf":{"@id":"https:\/\/belenshana.com\/#website"},"datePublished":"2024-02-29T18:09:49+00:00","dateModified":"2024-07-04T17:15:46+00:00","description":"Since I was a child, when I lay down to sleep, I imagined my body expanding to the farthest galaxies... Know me more...","breadcrumb":{"@id":"https:\/\/belenshana.com\/mis-inicios\/#breadcrumb"},"inLanguage":"en-GB","potentialAction":[{"@type":"ReadAction","target":["https:\/\/belenshana.com\/mis-inicios\/"]}]},{"@type":"BreadcrumbList","@id":"https:\/\/belenshana.com\/mis-inicios\/#breadcrumb","itemListElement":[{"@type":"ListItem","position":1,"name":"Portada","item":"https:\/\/belenshana.com\/"},{"@type":"ListItem","position":2,"name":"Mis Inicios"}]},{"@type":"WebSite","@id":"https:\/\/belenshana.com\/#website","url":"https:\/\/belenshana.com\/","name":"Bethlehem Shana Academy","description":"Online Academy Dance and Spirituality","publisher":{"@id":"https:\/\/belenshana.com\/#\/schema\/person\/a3b79653d3b78e1384b9016606bcae09"},"alternateName":"BS","potentialAction":[{"@type":"SearchAction","target":{"@type":"EntryPoint","urlTemplate":"https:\/\/belenshana.com\/?s={search_term_string}"},"query-input":{"@type":"PropertyValueSpecification","valueRequired":true,"valueName":"search_term_string"}}],"inLanguage":"en-GB"},{"@type":["Person","Organization"],"@id":"https:\/\/belenshana.com\/#\/schema\/person\/a3b79653d3b78e1384b9016606bcae09","name":"Admin","image":{"@type":"ImageObject","inLanguage":"en-GB","@id":"https:\/\/belenshana.com\/wp-content\/uploads\/2024\/06\/Diseno-sin-titulo-1.png","url":"https:\/\/belenshana.com\/wp-content\/uploads\/2024\/06\/Diseno-sin-titulo-1.png","contentUrl":"https:\/\/belenshana.com\/wp-content\/uploads\/2024\/06\/Diseno-sin-titulo-1.png","width":500,"height":500,"caption":"Admin"},"logo":{"@id":"https:\/\/belenshana.com\/wp-content\/uploads\/2024\/06\/Diseno-sin-titulo-1.png"}}]}},"_links":{"self":[{"href":"https:\/\/belenshana.com\/en\/wp-json\/wp\/v2\/pages\/245017","targetHints":{"allow":["GET"]}}],"collection":[{"href":"https:\/\/belenshana.com\/en\/wp-json\/wp\/v2\/pages"}],"about":[{"href":"https:\/\/belenshana.com\/en\/wp-json\/wp\/v2\/types\/page"}],"author":[{"embeddable":true,"href":"https:\/\/belenshana.com\/en\/wp-json\/wp\/v2\/users\/7"}],"replies":[{"embeddable":true,"href":"https:\/\/belenshana.com\/en\/wp-json\/wp\/v2\/comments?post=245017"}],"version-history":[{"count":1,"href":"https:\/\/belenshana.com\/en\/wp-json\/wp\/v2\/pages\/245017\/revisions"}],"predecessor-version":[{"id":246207,"href":"https:\/\/belenshana.com\/en\/wp-json\/wp\/v2\/pages\/245017\/revisions\/246207"}],"wp:attachment":[{"href":"https:\/\/belenshana.com\/en\/wp-json\/wp\/v2\/media?parent=245017"}],"curies":[{"name":"wp","href":"https:\/\/api.w.org\/{rel}","templated":true}]}}